{"id":104,"date":"2024-11-24T16:41:28","date_gmt":"2024-11-24T16:41:28","guid":{"rendered":"https:\/\/olintorvingen.fr\/?page_id=104"},"modified":"2025-05-30T12:37:08","modified_gmt":"2025-05-30T12:37:08","slug":"le-marquis-de-carabas-et-son-chat-botte","status":"publish","type":"page","link":"https:\/\/olintorvingen.fr\/index.php\/le-marquis-de-carabas-et-son-chat-botte\/","title":{"rendered":"Le Marquis de Carabas et son chat\u00a0bott\u00e9"},"content":{"rendered":"\n<hr class=\"wp-block-separator has-alpha-channel-opacity\"\/>\n\n\n\n<h2 class=\"wp-block-heading\">Le conte du <a href=\"https:\/\/fr.wikipedia.org\/wiki\/Le_Ma%C3%AEtre_chat_ou_le_Chat_bott%C3%A9\" target=\"_blank\" rel=\"noreferrer noopener\">Chat bott\u00e9<\/a> revisit\u00e9<\/h2>\n\n\n\n<p><strong>Tropes et th\u00e8mes :<\/strong>&nbsp;amour interdit, d\u00e9couverte de soi, parcours initiatique, chasseuse de monstres, magiciennes et sorci\u00e8res, \u00e9cologie<\/p>\n\n\n\n<div class=\"wp-block-columns is-layout-flex wp-container-core-columns-is-layout-9d6595d7 wp-block-columns-is-layout-flex\">\n<div class=\"wp-block-column is-layout-flow wp-block-column-is-layout-flow\">\n<p><strong>\u00c0<\/strong>&nbsp;<strong>d\u00e9couvrir sur<\/strong>&nbsp;<a href=\"https:\/\/homoromance-editions.com\/livres-lesbiens\/le-marquis-de-carabas-et-son-chat-botte.html\" target=\"_blank\" rel=\"noreferrer noopener\">Homoromance-editions.com<\/a><\/p>\n<\/div>\n\n\n\n<div class=\"wp-block-column is-layout-flow wp-block-column-is-layout-flow\">\n<p><strong>\u00c0 d\u00e9couvrir sur<\/strong>&nbsp;<a href=\"https:\/\/www.amazon.fr\/Marquis-Carabas-son-chat-bott%C3%A9-ebook\/dp\/B08HHFJ57X\/?_encoding=UTF8&amp;pd_rd_w=TYssl&amp;content-id=amzn1.sym.5c9279c3-ef5d-4788-93b8-6651acb37c13&amp;pf_rd_p=5c9279c3-ef5d-4788-93b8-6651acb37c13&amp;pf_rd_r=262-2240775-4137638&amp;pd_rd_wg=2oxEE&amp;pd_rd_r=274b30df-e244-4945-9d4c-c66acb3795a8&amp;ref_=aufs_ap_sc_dsk\" target=\"_blank\" rel=\"noreferrer noopener\">Amazon.com<\/a><\/p>\n<\/div>\n<\/div>\n\n\n\n<div class=\"wp-block-columns alignfull is-layout-flex wp-container-core-columns-is-layout-9d6595d7 wp-block-columns-is-layout-flex\">\n<div class=\"wp-block-column is-layout-flow wp-block-column-is-layout-flow\" style=\"flex-basis:50%\">\n<div class=\"wp-block-cover is-light\" style=\"min-height:600px;aspect-ratio:unset;\"><span aria-hidden=\"true\" class=\"wp-block-cover__background has-background-dim-100 has-background-dim\" style=\"background-color:#f6f6f6\"><\/span><div class=\"wp-block-cover__inner-container is-layout-flow wp-block-cover-is-layout-flow\"><div class=\"wp-block-image\">\n<figure class=\"aligncenter size-full is-resized\"><img loading=\"lazy\" decoding=\"async\" width=\"300\" height=\"300\" sizes=\"auto, (max-width: 300px) 100vw, 300px\" src=\"https:\/\/olintorvingen.fr\/wp-content\/uploads\/2024\/12\/Le-chat-botte_revisite_livre-lesbien_olin-torvingen_fantasy.png\" alt=\"chat bott\u00e9, conte revisit\u00e9, \u00e9cologique, f\u00e9ministe, lesbien, romance saphique, livre lesbien, lgbt, queer, sorci\u00e8re, ogre\" class=\"wp-image-391\" style=\"width:385px;height:auto\" srcset=\"https:\/\/olintorvingen.fr\/wp-content\/uploads\/2024\/12\/Le-chat-botte_revisite_livre-lesbien_olin-torvingen_fantasy.png 300w, https:\/\/olintorvingen.fr\/wp-content\/uploads\/2024\/12\/Le-chat-botte_revisite_livre-lesbien_olin-torvingen_fantasy-150x150.png 150w, https:\/\/olintorvingen.fr\/wp-content\/uploads\/2024\/12\/Le-chat-botte_revisite_livre-lesbien_olin-torvingen_fantasy-60x60.png 60w\" \/><\/figure>\n<\/div><\/div><\/div>\n<\/div>\n\n\n\n<div class=\"wp-block-column is-vertically-aligned-center is-layout-flow wp-block-column-is-layout-flow\" style=\"padding-top:1em;padding-right:1em;padding-bottom:1em;padding-left:1em\">\n<div class=\"wp-block-columns is-layout-flex wp-container-core-columns-is-layout-9d6595d7 wp-block-columns-is-layout-flex\">\n<div class=\"wp-block-column is-layout-flow wp-block-column-is-layout-flow\" style=\"flex-basis:320px\">\n<p class=\"has-small-font-size\" style=\"line-height:1.6\"><strong>R\u00e9sum\u00e9<\/strong><\/p>\n\n\n\n<p class=\"has-small-font-size\" style=\"line-height:1.6\">\u00c0 la mort de son p\u00e8re, \u00c9rica h\u00e9rite d\u2019un chat, dot\u00e9 de parole, quand ses fr\u00e8res h\u00e9ritent du moulin et de l\u2019\u00e2ne. Lorsque le chat lui apprend qu\u2019elle sera mari\u00e9e au fils du boucher, \u00c9rica d\u00e9cide de s\u2019enfuir.<\/p>\n\n\n\n<p><\/p>\n\n\n\n<p class=\"has-small-font-size\" style=\"line-height:1.6\">Habill\u00e9e comme un homme, elle rencontre, au hasard de la route, une sorci\u00e8re, un roi, une princesse, et devient par l\u2019entremise du chat, le marquis de Carabas.<\/p>\n\n\n\n<p class=\"has-small-font-size\" style=\"line-height:1.6\"><br>Du moulin au ch\u00e2teau royal, \u00e0 travers un royaume d\u00e9vast\u00e9 par la catanoir, mal invisible qui s\u2019attaque \u00e0 la nature, le marquis cherche sa place.<br>\u00c0 moins que ce ne soit \u00c9rica, hant\u00e9e par son pass\u00e9, mal \u00e0 l\u2019aise dans son usurpation d\u2019identit\u00e9, manipul\u00e9e par son astucieux f\u00e9lin, qui soit en qu\u00eate de v\u00e9rit\u00e9.<\/p>\n\n\n\n<p class=\"has-small-font-size\" style=\"line-height:1.6\"><br>Plongez dans l\u2019univers des contes et suivez les pas des bottes du chat pour trouver avec \u00c9rica, la lumi\u00e8re dans les croyances infond\u00e9es et les mensonges d\u00e9guis\u00e9s !<\/p>\n<\/div>\n<\/div>\n<\/div>\n<\/div>\n\n\n\n<p><strong>Ce qu\u2019on en dit :<\/strong><\/p>\n\n\n\n<ul class=\"wp-block-list\">\n<li><a href=\"https:\/\/www.amazon.fr\/gp\/customer-reviews\/R7NM9DLCI481Y\/ref=cm_cr_arp_d_rvw_ttl?ie=UTF8&amp;ASIN=B08HHFJ57X\"><em>5,0 sur 5&nbsp;\u00e9toiles<\/em>&nbsp;Belle morale, plume magique et de magnifiques rencontres ! A lire absolument !<\/a><\/li>\n\n\n\n<li><a href=\"https:\/\/www.amazon.fr\/gp\/customer-reviews\/R27UQ3R6ZYBAQJ\/ref=cm_cr_dp_d_rvw_ttl?ie=UTF8&amp;ASIN=B08HHFJ57X\"><em>5,0 sur 5&nbsp;\u00e9toiles<\/em>&nbsp;Surprenant<\/a><\/li>\n\n\n\n<li><a href=\"https:\/\/www.amazon.fr\/gp\/customer-reviews\/R25CL4Y4RX5NOC\/ref=cm_cr_dp_d_rvw_ttl?ie=UTF8&amp;ASIN=B08HHFJ57X\"><em>5,0 sur 5&nbsp;\u00e9toiles<\/em>&nbsp;Un conte po\u00e9tique \u00e0 d\u00e9couvrir<\/a><\/li>\n\n\n\n<li><a href=\"https:\/\/www.amazon.fr\/gp\/customer-reviews\/R1QX1H77P5SIMH\/ref=cm_cr_dp_d_rvw_ttl?ie=UTF8&amp;ASIN=B08HHFJ57X\"><em>5,0 sur 5&nbsp;\u00e9toiles<\/em>&nbsp;encore une p\u00e9pite<\/a><\/li>\n<\/ul>\n","protected":false},"excerpt":{"rendered":"<p>Le conte du Chat bott\u00e9 revisit\u00e9 Tropes et th\u00e8mes :&nbsp;amour interdit, d\u00e9couverte de soi, parcours initiatique, chasseuse de monstres, magiciennes et sorci\u00e8res, \u00e9cologie \u00c0&nbsp;d\u00e9couvrir sur&nbsp;Homoromance-editions.com \u00c0 d\u00e9couvrir sur&nbsp;Amazon.com R\u00e9sum\u00e9 \u00c0 la mort de son p\u00e8re, \u00c9rica h\u00e9rite d\u2019un chat, dot\u00e9 de parole, quand ses fr\u00e8res h\u00e9ritent du moulin et de l\u2019\u00e2ne. Lorsque le chat lui apprend qu\u2019elle sera mari\u00e9e au fils du boucher, \u00c9rica d\u00e9cide de s\u2019enfuir. Habill\u00e9e comme un homme, elle rencontre, au hasard de la route, une sorci\u00e8re, un roi, une princesse, et devient par l\u2019entremise du chat, le marquis de Carabas. Du moulin au ch\u00e2teau royal, \u00e0 &hellip; <\/p>\n","protected":false},"author":2,"featured_media":0,"parent":0,"menu_order":0,"comment_status":"closed","ping_status":"closed","template":"","meta":{"_seopress_robots_primary_cat":"","_seopress_titles_title":"Le marquis de Carabas et son chat bott\u00e9, un conte revisit\u00e9","_seopress_titles_desc":"Le conte traditionnel du Chat bott\u00e9 revisit\u00e9, dans un univers fantastique, o\u00f9 se retrouvent sorci\u00e8re, ogre, magie et bien s\u00fbr un chat dot\u00e9 de paroles !","_seopress_robots_index":"","footnotes":""},"class_list":["post-104","page","type-page","status-publish","hentry"],"_links":{"self":[{"href":"https:\/\/olintorvingen.fr\/index.php\/wp-json\/wp\/v2\/pages\/104","targetHints":{"allow":["GET"]}}],"collection":[{"href":"https:\/\/olintorvingen.fr\/index.php\/wp-json\/wp\/v2\/pages"}],"about":[{"href":"https:\/\/olintorvingen.fr\/index.php\/wp-json\/wp\/v2\/types\/page"}],"author":[{"embeddable":true,"href":"https:\/\/olintorvingen.fr\/index.php\/wp-json\/wp\/v2\/users\/2"}],"replies":[{"embeddable":true,"href":"https:\/\/olintorvingen.fr\/index.php\/wp-json\/wp\/v2\/comments?post=104"}],"version-history":[{"count":13,"href":"https:\/\/olintorvingen.fr\/index.php\/wp-json\/wp\/v2\/pages\/104\/revisions"}],"predecessor-version":[{"id":893,"href":"https:\/\/olintorvingen.fr\/index.php\/wp-json\/wp\/v2\/pages\/104\/revisions\/893"}],"wp:attachment":[{"href":"https:\/\/olintorvingen.fr\/index.php\/wp-json\/wp\/v2\/media?parent=104"}],"curies":[{"name":"wp","href":"https:\/\/api.w.org\/{rel}","templated":true}]}}