{"id":1091,"date":"2025-08-13T19:23:07","date_gmt":"2025-08-13T19:23:07","guid":{"rendered":"https:\/\/olintorvingen.fr\/?page_id=1091"},"modified":"2025-08-13T19:46:59","modified_gmt":"2025-08-13T19:46:59","slug":"une-liste-de-romans-lesbiens-francophones","status":"publish","type":"page","link":"https:\/\/olintorvingen.fr\/index.php\/une-liste-de-romans-lesbiens-francophones\/","title":{"rendered":"Une liste de romans lesbiens francophones"},"content":{"rendered":"\n<h2 class=\"wp-block-heading\">Mes lectures ff en fran\u00e7ais<\/h2>\n\n\n\n<p>(Ne m&rsquo;en voulez pas, je lis tr\u00e8s peu en fran\u00e7ais, il y a beaucoup d&rsquo;auteurs et autrices talentueux que je n&rsquo;ai pas encore lus !) N&rsquo;h\u00e9sitez pas \u00e0 consulter \u00e9galement <a href=\"https:\/\/olintorvingen.fr\/index.php\/les-auto-edites-saphiques\/\" data-type=\"page\" data-id=\"321\" target=\"_blank\" rel=\"noreferrer noopener\">la page des ff auto-\u00e9dit\u00e9s<\/a> sur laquelle vous pourrez faire d&rsquo;autres d\u00e9couvertes.<\/p>\n\n\n\n<h2 class=\"wp-block-heading\">En 2025, de belles initiatives<\/h2>\n\n\n\n<p>&#8230; fleurissent, en plus du <a href=\"https:\/\/olintorvingen.fr\/index.php\/le-discours-de-magali-junjaud-au-salon-du-livre-lesbien-de-paris-2025\/\" data-type=\"link\" data-id=\"https:\/\/olintorvingen.fr\/index.php\/le-discours-de-magali-junjaud-au-salon-du-livre-lesbien-de-paris-2025\/\" target=\"_blank\" rel=\"noreferrer noopener\">Salon du livre lesbien de Paris<\/a>, le <mark style=\"background-color:rgba(0, 0, 0, 0)\" class=\"has-inline-color has-black-color\"><a href=\"https:\/\/olintorvingen.fr\/index.php\/un-site-web-met-en-lumiere-la-litterature-lesbienne-francophone\/\" data-type=\"link\" data-id=\"https:\/\/olintorvingen.fr\/index.php\/un-site-web-met-en-lumiere-la-litterature-lesbienne-francophone\/\" target=\"_blank\" rel=\"noreferrer noopener\">lien.saphique.book<\/a> <\/mark>et le podcast le <mark style=\"background-color:rgba(0, 0, 0, 0)\" class=\"has-inline-color has-pale-pink-color\"><strong><a href=\"https:\/\/open.spotify.com\/show\/0LQeKy8NzvTSqSmtmor1IF?si=0c6a3dfc7de84735\" target=\"_blank\" rel=\"noreferrer noopener\">Book club lesbien<\/a><\/strong><\/mark>, disponible sur <a href=\"https:\/\/www.deezer.com\/fr\/episode\/777507831\" target=\"_blank\" rel=\"noreferrer noopener\">Deezer<\/a> et sur <a href=\"https:\/\/open.spotify.com\/show\/0LQeKy8NzvTSqSmtmor1IF?si=0c6a3dfc7de84735\" target=\"_blank\" rel=\"noreferrer noopener\">Spotify<\/a><\/p>\n\n\n\n<figure class=\"wp-block-table is-style-stripes\"><table class=\"has-fixed-layout\"><thead><tr><th class=\"has-text-align-center\" data-align=\"center\">Autrice<\/th><th class=\"has-text-align-center\" data-align=\"center\">Titres<\/th><th class=\"has-text-align-center\" data-align=\"center\">\u00c9diteur<\/th><\/tr><\/thead><tbody><tr><td class=\"has-text-align-center\" data-align=\"center\">Violette Leduc<\/td><td class=\"has-text-align-center\" data-align=\"center\">Th\u00e9r\u00e8se et Isabelle<\/td><td class=\"has-text-align-center\" data-align=\"center\">Gallimard<\/td><\/tr><tr><td class=\"has-text-align-center\" data-align=\"center\">H. de Montferrand&nbsp;<\/td><td class=\"has-text-align-center\" data-align=\"center\">Les amies d&rsquo;H\u00e9loise<\/td><td class=\"has-text-align-center\" data-align=\"center\">De Fallois Eds<\/td><\/tr><tr><td class=\"has-text-align-center\" data-align=\"center\">Leana Baker<\/td><td class=\"has-text-align-center\" data-align=\"center\">Chat noir<\/td><td class=\"has-text-align-center\" data-align=\"center\">Homoromance \u00e9ditions<\/td><\/tr><tr><td class=\"has-text-align-center\" data-align=\"center\">Gabrielle Hautemer<\/td><td class=\"has-text-align-center\" data-align=\"center\">Les Suivantes d&rsquo;Artemis<\/td><td class=\"has-text-align-center\" data-align=\"center\">R2C<\/td><\/tr><tr><td class=\"has-text-align-center\" data-align=\"center\"><a href=\"https:\/\/olintorvingen.fr\/index.php\/les-auto-edites-saphiques\/\" data-type=\"page\" data-id=\"321\" target=\"_blank\" rel=\"noreferrer noopener\">Lily Bart<\/a><\/td><td class=\"has-text-align-center\" data-align=\"center\">Stella<br>God Jul !<\/td><td class=\"has-text-align-center\" data-align=\"center\">Auto-\u00e9dit\u00e9e<\/td><\/tr><tr><td class=\"has-text-align-center\" data-align=\"center\">Carole Collinet<\/td><td class=\"has-text-align-center\" data-align=\"center\">La dame du mus\u00e9e<\/td><td class=\"has-text-align-center\" data-align=\"center\">Homoromance \u00e9ditions<\/td><\/tr><tr><td class=\"has-text-align-center\" data-align=\"center\">Marguerite Grimaud<\/td><td class=\"has-text-align-center\" data-align=\"center\">La voix du Sud<\/td><td class=\"has-text-align-center\" data-align=\"center\">R2C<\/td><\/tr><tr><td class=\"has-text-align-center\" data-align=\"center\">Kadyan<\/td><td class=\"has-text-align-center\" data-align=\"center\">Willowra<br>Rhapsodies pour un amour<\/td><td class=\"has-text-align-center\" data-align=\"center\">Homoromance \u00e9ditions \/ <a href=\"https:\/\/www.kadyan.fr\/\" target=\"_blank\" rel=\"noreferrer noopener\">kadyan.fr<\/a><\/td><\/tr><tr><td class=\"has-text-align-center\" data-align=\"center\">Ga\u00eblle Cathy<\/td><td class=\"has-text-align-center\" data-align=\"center\">Quand la rivi\u00e8re sort de son lit<\/td><td class=\"has-text-align-center\" data-align=\"center\">Homoromance \u00e9ditions \/<br><a href=\"https:\/\/gaellecathy.jimdofree.com\/\" target=\"_blank\" rel=\"noreferrer noopener\">gaellecathy.jimdofree.com<\/a><\/td><\/tr><tr><td class=\"has-text-align-center\" data-align=\"center\">H\u00e9l\u00e8ne de Froment<\/td><td class=\"has-text-align-center\" data-align=\"center\">La fille aux allumettes<\/td><td class=\"has-text-align-center\" data-align=\"center\">Homoromance \u00e9ditions<\/td><\/tr><tr><td class=\"has-text-align-center\" data-align=\"center\">Seana Landchild<\/td><td class=\"has-text-align-center\" data-align=\"center\">Sous la douceur de ses crocs<\/td><td class=\"has-text-align-center\" data-align=\"center\">R2C<\/td><\/tr><tr><td class=\"has-text-align-center\" data-align=\"center\">Emmanuel Taffarelli<\/td><td class=\"has-text-align-center\" data-align=\"center\">Partenaires Particuli\u00e8res &#8211; R\u00e9activation<\/td><td class=\"has-text-align-center\" data-align=\"center\">Homoromance \u00e9ditions<\/td><\/tr><tr><td class=\"has-text-align-center\" data-align=\"center\">Riley K.<\/td><td class=\"has-text-align-center\" data-align=\"center\">Sentiments Oubli\u00e9s<\/td><td class=\"has-text-align-center\" data-align=\"center\">Homoromance \u00e9ditions<\/td><\/tr><tr><td class=\"has-text-align-center\" data-align=\"center\">Marcia Gary<\/td><td class=\"has-text-align-center\" data-align=\"center\">Gattara<\/td><td class=\"has-text-align-center\" data-align=\"center\">Homoromance \u00e9ditions<\/td><\/tr><tr><td class=\"has-text-align-center\" data-align=\"center\">Isabelle Valat<\/td><td class=\"has-text-align-center\" data-align=\"center\">Et par le sang les lier<\/td><td class=\"has-text-align-center\" data-align=\"center\">R2C<\/td><\/tr><tr><td class=\"has-text-align-center\" data-align=\"center\">&nbsp;Alexandra Mac Kargan<\/td><td class=\"has-text-align-center\" data-align=\"center\">La Roue du destin : Coma<\/td><td class=\"has-text-align-center\" data-align=\"center\">Homoromance \u00e9ditions \/ <a href=\"https:\/\/alexandra-mac-kargan.fr\/\" target=\"_blank\" rel=\"noreferrer noopener\">alexandra-mac-kargan.fr<\/a><\/td><\/tr><tr><td class=\"has-text-align-center\" data-align=\"center\">Axelle Law<\/td><td class=\"has-text-align-center\" data-align=\"center\">Ex Human &#8211; echo<\/td><td class=\"has-text-align-center\" data-align=\"center\">R2C<\/td><\/tr><tr><td class=\"has-text-align-center\" data-align=\"center\">Robyn Blake<\/td><td class=\"has-text-align-center\" data-align=\"center\">Shadows<\/td><td class=\"has-text-align-center\" data-align=\"center\">Homoromance \u00e9ditions<\/td><\/tr><tr><td class=\"has-text-align-center\" data-align=\"center\">Magali Junjaud<\/td><td class=\"has-text-align-center\" data-align=\"center\">L&rsquo;ombre du doute<\/td><td class=\"has-text-align-center\" data-align=\"center\">Homoromance \u00e9ditions<\/td><\/tr><\/tbody><\/table><\/figure>\n","protected":false},"excerpt":{"rendered":"<p>Mes lectures ff en fran\u00e7ais (Ne m&rsquo;en voulez pas, je lis tr\u00e8s peu en fran\u00e7ais, il y a beaucoup d&rsquo;auteurs et autrices talentueux que je n&rsquo;ai pas encore lus !) N&rsquo;h\u00e9sitez pas \u00e0 consulter \u00e9galement la page des ff auto-\u00e9dit\u00e9s sur laquelle vous pourrez faire d&rsquo;autres d\u00e9couvertes. En 2025, de belles initiatives &#8230; fleurissent, en plus du Salon du livre lesbien de Paris, le lien.saphique.book et le podcast le Book club lesbien, disponible sur Deezer et sur Spotify Autrice Titres \u00c9diteur Violette Leduc Th\u00e9r\u00e8se et Isabelle Gallimard H. de Montferrand&nbsp; Les amies d&rsquo;H\u00e9loise De Fallois Eds Leana Baker Chat noir &hellip; <\/p>\n","protected":false},"author":2,"featured_media":293,"parent":0,"menu_order":0,"comment_status":"closed","ping_status":"closed","template":"","meta":{"_seopress_robots_primary_cat":"","_seopress_titles_title":"Vous cherchez des titres de livres lesbiens (ff) francophones !","_seopress_titles_desc":"Une page pour vous indiquer mes lectures fran\u00e7aises de livres saphiques, ainsi que de sites de ressources pour trouver du ff.","_seopress_robots_index":"","footnotes":""},"class_list":["post-1091","page","type-page","status-publish","has-post-thumbnail","hentry"],"_links":{"self":[{"href":"https:\/\/olintorvingen.fr\/index.php\/wp-json\/wp\/v2\/pages\/1091","targetHints":{"allow":["GET"]}}],"collection":[{"href":"https:\/\/olintorvingen.fr\/index.php\/wp-json\/wp\/v2\/pages"}],"about":[{"href":"https:\/\/olintorvingen.fr\/index.php\/wp-json\/wp\/v2\/types\/page"}],"author":[{"embeddable":true,"href":"https:\/\/olintorvingen.fr\/index.php\/wp-json\/wp\/v2\/users\/2"}],"replies":[{"embeddable":true,"href":"https:\/\/olintorvingen.fr\/index.php\/wp-json\/wp\/v2\/comments?post=1091"}],"version-history":[{"count":4,"href":"https:\/\/olintorvingen.fr\/index.php\/wp-json\/wp\/v2\/pages\/1091\/revisions"}],"predecessor-version":[{"id":1120,"href":"https:\/\/olintorvingen.fr\/index.php\/wp-json\/wp\/v2\/pages\/1091\/revisions\/1120"}],"wp:featuredmedia":[{"embeddable":true,"href":"https:\/\/olintorvingen.fr\/index.php\/wp-json\/wp\/v2\/media\/293"}],"wp:attachment":[{"href":"https:\/\/olintorvingen.fr\/index.php\/wp-json\/wp\/v2\/media?parent=1091"}],"curies":[{"name":"wp","href":"https:\/\/api.w.org\/{rel}","templated":true}]}}