{"id":1093,"date":"2025-08-13T19:00:53","date_gmt":"2025-08-13T19:00:53","guid":{"rendered":"https:\/\/olintorvingen.fr\/?page_id=1093"},"modified":"2025-08-17T12:30:41","modified_gmt":"2025-08-17T12:30:41","slug":"my-list-of-sapphic-books","status":"publish","type":"page","link":"https:\/\/olintorvingen.fr\/index.php\/my-list-of-sapphic-books\/","title":{"rendered":"My list of sapphic books in english"},"content":{"rendered":"\n<h2 class=\"wp-block-heading\">Ma liste de livres lesbiens anglophones<\/h2>\n\n\n\n<p>Vous trouverez les meilleurs avis\/recommandations sur&nbsp;<a href=\"http:\/\/www.judeinthestars.com\/\" target=\"_blank\" rel=\"noreferrer noopener\">judeinthestars.com<\/a>&nbsp;et des groupes facebook comme <a href=\"https:\/\/www.facebook.com\/groups\/375580823364963\" target=\"_blank\" rel=\"noreferrer noopener\">Jae&rsquo;s group for readers of sapphic books<\/a>, <a href=\"https:\/\/www.facebook.com\/groups\/507305750573633\" data-type=\"link\" data-id=\"https:\/\/www.facebook.com\/groups\/507305750573633\" target=\"_blank\" rel=\"noreferrer noopener\">Sapphic book lovers<\/a>, <a href=\"https:\/\/www.facebook.com\/groups\/557114481075268\" data-type=\"link\" data-id=\"https:\/\/www.facebook.com\/groups\/557114481075268\" target=\"_blank\" rel=\"noreferrer noopener\">Lesbian book readers club<\/a>,  <a href=\"https:\/\/www.facebook.com\/SapphicBooksKitchen\/\" target=\"_blank\" rel=\"noreferrer noopener\">The Sapphic Books Kitchen<\/a> etc.<\/p>\n\n\n\n<p><a href=\"https:\/\/iheartsapphfic.com\/\" target=\"_blank\" rel=\"noreferrer noopener\">iheartsapphfic.com<\/a>&nbsp;et&nbsp;<a href=\"https:\/\/jae-fiction.com\/blog\/\" target=\"_blank\" rel=\"noreferrer noopener\">jae-fiction.com\/blog<\/a>&nbsp;offrent des classifications de livres par th\u00e9matiques et par tropes. Pendant le mois de d\u00e9cembre, l&rsquo;autrice Jae met en place un calendrier de l&rsquo;Avent qui permet de mettre en avant des auteurices et de gagner des livres chaque jour.<\/p>\n\n\n\n<figure class=\"wp-block-table\"><table class=\"has-fixed-layout\"><thead><tr><th class=\"has-text-align-center\" data-align=\"center\">Auteurices<\/th><th class=\"has-text-align-center\" data-align=\"center\">Titres<\/th><th class=\"has-text-align-center\" data-align=\"center\">\u00c9diteurs \/ sites web<\/th><\/tr><\/thead><tbody><tr><td class=\"has-text-align-center\" data-align=\"center\">Patricia Highsmith&nbsp;<\/td><td class=\"has-text-align-center\" data-align=\"center\"><em>The Price of Salt<\/em><\/td><td class=\"has-text-align-center\" data-align=\"center\">Virago Press<\/td><\/tr><tr><td class=\"has-text-align-center\" data-align=\"center\">Nicola Griffith<\/td><td class=\"has-text-align-center\" data-align=\"center\">Aud Torvingen Serie<\/td><td class=\"has-text-align-center\" data-align=\"center\">MacMillan Books \/ <a href=\"https:\/\/nicolagriffith.com\/\" target=\"_blank\" rel=\"noreferrer noopener\">nicolagriffith.com<\/a><\/td><\/tr><tr><td class=\"has-text-align-center\" data-align=\"center\">Sarah Waters<\/td><td class=\"has-text-align-center\" data-align=\"center\"><em><em>Fingersmith<\/em><br><em>Tipping the Velvet<\/em><\/em><\/td><td class=\"has-text-align-center\" data-align=\"center\">W. W. Norton &amp; Company<\/td><\/tr><tr><td class=\"has-text-align-center\" data-align=\"center\">Katherine V. Forrest<\/td><td class=\"has-text-align-center\" data-align=\"center\"><em>Curious Wine<\/em><br><em>Kate Delafield series<\/em><\/td><td class=\"has-text-align-center\" data-align=\"center\">Bella Books<\/td><\/tr><tr><td class=\"has-text-align-center\" data-align=\"center\">Melissa Good<\/td><td class=\"has-text-align-center\" data-align=\"center\"><em>Tropical Storm <\/em><br>and all the others <em>Dar and Kerry series<\/em><\/td><td class=\"has-text-align-center\" data-align=\"center\">Regal Crest Enterprises<\/td><\/tr><tr><td class=\"has-text-align-center\" data-align=\"center\">Catherine M. Wilson<\/td><td class=\"has-text-align-center\" data-align=\"center\">When women were warriors<\/td><td class=\"has-text-align-center\" data-align=\"center\">Shield Maiden Press<\/td><\/tr><tr><td class=\"has-text-align-center\" data-align=\"center\">Gerri Hill<\/td><td class=\"has-text-align-center\" data-align=\"center\"><em>Tori Hunter Serie<\/em><\/td><td class=\"has-text-align-center\" data-align=\"center\">Bella Books \/ <a href=\"https:\/\/www.gerrihill.com\/\" target=\"_blank\" rel=\"noreferrer noopener\">gerrihill.com<\/a><\/td><\/tr><tr><td class=\"has-text-align-center\" data-align=\"center\">Ann McMan<\/td><td class=\"has-text-align-center\" data-align=\"center\"><em>Beowulf for Cretins<\/em><\/td><td class=\"has-text-align-center\" data-align=\"center\">Bywater Books \/ <a href=\"https:\/\/annmcman.com\/\" target=\"_blank\" rel=\"noreferrer noopener\">annmcman.com<\/a><\/td><\/tr><tr><td class=\"has-text-align-center\" data-align=\"center\">Winter Pennington<\/td><td class=\"has-text-align-center\" data-align=\"center\"><em>Kassandra Lyall Preternatural Investigator Series<\/em><\/td><td class=\"has-text-align-center\" data-align=\"center\">Bella Books<\/td><\/tr><tr><td class=\"has-text-align-center\" data-align=\"center\">Milena Mckay<\/td><td class=\"has-text-align-center\" data-align=\"center\"><em>The Delicate Things We Make<br>The Headmistress<br>These Thin Lines<\/em><\/td><td class=\"has-text-align-center\" data-align=\"center\">auto-\u00e9dit\u00e9e \/ <a href=\"https:\/\/www.milenamckay.com\/\" target=\"_blank\" rel=\"noreferrer noopener\">milenamckay.com<\/a><\/td><\/tr><tr><td class=\"has-text-align-center\" data-align=\"center\">Clare Ashton<\/td><td class=\"has-text-align-center\" data-align=\"center\"><em>After Mrs Hamilton<\/em><br><em>Finding Jessica Lambert&nbsp;<\/em><br><em>The Tell Tale<\/em><\/td><td class=\"has-text-align-center\" data-align=\"center\">auto-\u00e9dit\u00e9e \/ <a href=\"https:\/\/rclareashton.wordpress.com\/\" target=\"_blank\" rel=\"noreferrer noopener\">rclareashton.wordpress.com<\/a><\/td><\/tr><tr><td class=\"has-text-align-center\" data-align=\"center\">G. Benson<\/td><td class=\"has-text-align-center\" data-align=\"center\"><em>All the Little Moments<\/em><br><em>Who\u2019d Have Thought<\/em><\/td><td class=\"has-text-align-center\" data-align=\"center\">Ylva Publishing \/ <a href=\"https:\/\/g-benson.com\/\" target=\"_blank\" rel=\"noreferrer noopener\">g-benson.com<\/a><\/td><\/tr><tr><td class=\"has-text-align-center\" data-align=\"center\">Lee Winter<\/td><td class=\"has-text-align-center\" data-align=\"center\"><em>The Red Files<br>Requiem for Immortals<br>The Brutal Truth<br>Breaking Characters<\/em><\/td><td class=\"has-text-align-center\" data-align=\"center\">Ylva Publishing \/ <a href=\"http:\/\/www.leewinterauthor.com\" target=\"_blank\" rel=\"noreferrer noopener\">leewinterauthor.com<\/a><\/td><\/tr><tr><td class=\"has-text-align-center\" data-align=\"center\">Jo Havens<\/td><td class=\"has-text-align-center\" data-align=\"center\">The Piano in the Tree<\/td><td class=\"has-text-align-center\" data-align=\"center\"><a href=\"https:\/\/johavens.com\/\" target=\"_blank\" rel=\"noreferrer noopener\">johavens.com<\/a><\/td><\/tr><tr><td class=\"has-text-align-center\" data-align=\"center\">Anna Burke<\/td><td class=\"has-text-align-center\" data-align=\"center\"><em>Thorns<br>In the Roses of Pieria<\/em><\/td><td class=\"has-text-align-center\" data-align=\"center\">Bywater Books \/ <a href=\"https:\/\/www.annahburke.com\/\" target=\"_blank\" rel=\"noreferrer noopener\">annahburke.com<\/a><\/td><\/tr><tr><td class=\"has-text-align-center\" data-align=\"center\">E.J Noyes<\/td><td class=\"has-text-align-center\" data-align=\"center\"><em>Alone<\/em><\/td><td class=\"has-text-align-center\" data-align=\"center\">Bella Books \/<a href=\"http:\/\/ejnoyesauthor.com\" target=\"_blank\" rel=\"noreferrer noopener\">ejnoyesauthor.com<\/a><\/td><\/tr><tr><td class=\"has-text-align-center\" data-align=\"center\">Karin Kallmaker<\/td><td class=\"has-text-align-center\" data-align=\"center\"><em>Captain of Industry<\/em><br><em>Knight of Nights<\/em><\/td><td class=\"has-text-align-center\" data-align=\"center\">Bella Books \/ <a href=\"https:\/\/www.kallmaker.com\" target=\"_blank\" rel=\"noreferrer noopener\">kallmaker.com<\/a><\/td><\/tr><tr><td class=\"has-text-align-center\" data-align=\"center\">Jae<\/td><td class=\"has-text-align-center\" data-align=\"center\"><em>Backwards to Oregon<br>Second Nature<\/em><\/td><td class=\"has-text-align-center\" data-align=\"center\">Ylva Publishing \/ <a href=\"https:\/\/jae-fiction.com\/\">jae-fiction.com<\/a><\/td><\/tr><tr><td class=\"has-text-align-center\" data-align=\"center\">Darva Green<\/td><td class=\"has-text-align-center\" data-align=\"center\"><em>She Came from the Swamp<\/em><br><em>She Came at Midnight<\/em><\/td><td class=\"has-text-align-center\" data-align=\"center\"><a href=\"https:\/\/darvagreenthewriter.com\/\" target=\"_blank\" rel=\"noreferrer noopener\">darvagreenthewriter.com<\/a><\/td><\/tr><tr><td class=\"has-text-align-center\" data-align=\"center\">Melissa Bashardoust<\/td><td class=\"has-text-align-center\" data-align=\"center\"><em>Girls Made of Snow and glass<\/em><br><em>Girl, Serpent, Thorn<\/em><\/td><td class=\"has-text-align-center\" data-align=\"center\"><a href=\"https:\/\/www.melissabashardoust.com\/\" target=\"_blank\" rel=\"noreferrer noopener\">melissabashardoust.com<\/a><\/td><\/tr><tr><td class=\"has-text-align-center\" data-align=\"center\">Roslyn Sinclair<\/td><td class=\"has-text-align-center\" data-align=\"center\"><em>The Lily and the Crown<\/em><\/td><td class=\"has-text-align-center\" data-align=\"center\">Ylva Publishing \/ <a href=\"https:\/\/www.roslynsinclair.com\/\" target=\"_blank\" rel=\"noreferrer noopener\">roslynsinclair.com<\/a><\/td><\/tr><tr><td class=\"has-text-align-center\" data-align=\"center\">Gill McKnight<\/td><td class=\"has-text-align-center\" data-align=\"center\"><em>Ambereye<\/em> and the whole Garoul serie<\/td><td class=\"has-text-align-center\" data-align=\"center\">Bold Strokes Books<\/td><\/tr><tr><td class=\"has-text-align-center\" data-align=\"center\">Virginia Black<\/td><td class=\"has-text-align-center\" data-align=\"center\"><em>Consecrated Ground<\/em><\/td><td class=\"has-text-align-center\" data-align=\"center\">Bywater Books<\/td><\/tr><tr><td class=\"has-text-align-center\" data-align=\"center\">Carrie Byrd&nbsp;<\/td><td class=\"has-text-align-center\" data-align=\"center\"><em>Loser of the Year<\/em><\/td><td class=\"has-text-align-center\" data-align=\"center\">Ylva Publishing \/ <a href=\"https:\/\/www.carriebyrd.com\/\" target=\"_blank\" rel=\"noreferrer noopener\">carriebyrd.com<\/a><\/td><\/tr><tr><td class=\"has-text-align-center\" data-align=\"center\">K. Aten<\/td><td class=\"has-text-align-center\" data-align=\"center\"><em>Remember Me, Synthetica<br>Elemental Attraction<\/em><\/td><td class=\"has-text-align-center\" data-align=\"center\">Flashpoint Publications&nbsp;\/ <a href=\"https:\/\/www.katenauthor.com\/\" target=\"_blank\" rel=\"noreferrer noopener\">katenauthor.com<\/a><\/td><\/tr><tr><td class=\"has-text-align-center\" data-align=\"center\">Kate Culpepper<\/td><td class=\"has-text-align-center\" data-align=\"center\"><em>Tristaine <\/em>series<\/td><td class=\"has-text-align-center\" data-align=\"center\">Bold Strokes Books<\/td><\/tr><tr><td class=\"has-text-align-center\" data-align=\"center\">Samara Breger<\/td><td class=\"has-text-align-center\" data-align=\"center\"><em>A Long Time Dead<\/em><\/td><td class=\"has-text-align-center\" data-align=\"center\">Bywater Books<\/td><\/tr><tr><td class=\"has-text-align-center\" data-align=\"center\">S D Simper<\/td><td class=\"has-text-align-center\" data-align=\"center\"><em>Carmilla and Laura<\/em><br><em>Fallen Gods series<\/em><\/td><td class=\"has-text-align-center\" data-align=\"center\">auto-\u00e9dit\u00e9e \/ <a href=\"https:\/\/sdsimper.com\/\" target=\"_blank\" rel=\"noreferrer noopener\">sdsimper.com<\/a><\/td><\/tr><tr><td class=\"has-text-align-center\" data-align=\"center\">&nbsp;Elna Holst<\/td><td class=\"has-text-align-center\" data-align=\"center\"><em>Pyotra and the Wolf<\/em><\/td><td class=\"has-text-align-center\" data-align=\"center\">NineStar Press<\/td><\/tr><\/tbody><\/table><\/figure>\n","protected":false},"excerpt":{"rendered":"<p>Ma liste de livres lesbiens anglophones Vous trouverez les meilleurs avis\/recommandations sur&nbsp;judeinthestars.com&nbsp;et des groupes facebook comme Jae&rsquo;s group for readers of sapphic books, Sapphic book lovers, Lesbian book readers club, The Sapphic Books Kitchen etc. iheartsapphfic.com&nbsp;et&nbsp;jae-fiction.com\/blog&nbsp;offrent des classifications de livres par th\u00e9matiques et par tropes. Pendant le mois de d\u00e9cembre, l&rsquo;autrice Jae met en place un calendrier de l&rsquo;Avent qui permet de mettre en avant des auteurices et de gagner des livres chaque jour. Auteurices Titres \u00c9diteurs \/ sites web Patricia Highsmith&nbsp; The Price of Salt Virago Press Nicola Griffith Aud Torvingen Serie MacMillan Books \/ nicolagriffith.com Sarah Waters FingersmithTipping &hellip; <\/p>\n","protected":false},"author":2,"featured_media":293,"parent":0,"menu_order":0,"comment_status":"closed","ping_status":"closed","template":"","meta":{"_seopress_robots_primary_cat":"","_seopress_titles_title":"Vous cherchez des titres de livres ff anglophones !","_seopress_titles_desc":"Une page pour vous indiquer mes livres pr\u00e9f\u00e9r\u00e9s en anglais, ainsi que des sites web de ressources pour explorer la litt\u00e9rature saphique anglophone.","_seopress_robots_index":"","footnotes":""},"class_list":["post-1093","page","type-page","status-publish","has-post-thumbnail","hentry"],"_links":{"self":[{"href":"https:\/\/olintorvingen.fr\/index.php\/wp-json\/wp\/v2\/pages\/1093","targetHints":{"allow":["GET"]}}],"collection":[{"href":"https:\/\/olintorvingen.fr\/index.php\/wp-json\/wp\/v2\/pages"}],"about":[{"href":"https:\/\/olintorvingen.fr\/index.php\/wp-json\/wp\/v2\/types\/page"}],"author":[{"embeddable":true,"href":"https:\/\/olintorvingen.fr\/index.php\/wp-json\/wp\/v2\/users\/2"}],"replies":[{"embeddable":true,"href":"https:\/\/olintorvingen.fr\/index.php\/wp-json\/wp\/v2\/comments?post=1093"}],"version-history":[{"count":3,"href":"https:\/\/olintorvingen.fr\/index.php\/wp-json\/wp\/v2\/pages\/1093\/revisions"}],"predecessor-version":[{"id":1122,"href":"https:\/\/olintorvingen.fr\/index.php\/wp-json\/wp\/v2\/pages\/1093\/revisions\/1122"}],"wp:featuredmedia":[{"embeddable":true,"href":"https:\/\/olintorvingen.fr\/index.php\/wp-json\/wp\/v2\/media\/293"}],"wp:attachment":[{"href":"https:\/\/olintorvingen.fr\/index.php\/wp-json\/wp\/v2\/media?parent=1093"}],"curies":[{"name":"wp","href":"https:\/\/api.w.org\/{rel}","templated":true}]}}