{"id":117,"date":"2024-11-24T18:23:31","date_gmt":"2024-11-24T18:23:31","guid":{"rendered":"https:\/\/olintorvingen.fr\/?page_id=117"},"modified":"2025-01-03T18:55:56","modified_gmt":"2025-01-03T18:55:56","slug":"les-nouvelles","status":"publish","type":"page","link":"https:\/\/olintorvingen.fr\/index.php\/les-nouvelles\/","title":{"rendered":"Les nouvelles"},"content":{"rendered":"\r\n<h2 class=\"wp-block-heading\">&#8230; pour prolonger l&rsquo;atmosph\u00e8re des romans<\/h2>\r\n\r\n\r\n\r\n<p>En achetant ces nouvelles, sachez que tous les fonds recueillis par le biais des plateformes de lecture payantes sont revers\u00e9s \u00e0 une association d\u00e9di\u00e9e \u00e0 la protection des animaux.<\/p>\r\n\r\n\r\n<hr class=\"wp-block-separator has-alpha-channel-opacity\" \/>\r\n\r\n\r\n<div class=\"wp-block-group is-nowrap is-layout-flex wp-container-core-group-is-layout-ad2f72ca wp-block-group-is-layout-flex\">\r\n<figure class=\"wp-block-image size-full is-resized\"><img data-dominant-color=\"959595\" data-has-transparency=\"true\" loading=\"lazy\" decoding=\"async\" sizes=\"auto, (max-width: 300px) 100vw, 300px\" class=\"alignnone wp-image-770 has-transparency\" style=\"--dominant-color: #959595; width: 30px; height: auto;\" src=\"https:\/\/olintorvingen.fr\/wp-content\/uploads\/2024\/12\/olintorvingen_livre-lesbien_ico-cat-walking-png.avif\" alt=\"olin torvingen, livre lesbien, romance saphique, meilleur livre lesbien, homoromance, livre lgbt, livre saphique, auto-\u00e9dit\u00e9, femme, amour entre femmes, wlw, lesbian, romance, lesbienne\" width=\"300\" height=\"300\" srcset=\"https:\/\/olintorvingen.fr\/wp-content\/uploads\/2024\/12\/olintorvingen_livre-lesbien_ico-cat-walking-png.avif 300w, https:\/\/olintorvingen.fr\/wp-content\/uploads\/2024\/12\/olintorvingen_livre-lesbien_ico-cat-walking-150x150.avif 150w, https:\/\/olintorvingen.fr\/wp-content\/uploads\/2024\/12\/olintorvingen_livre-lesbien_ico-cat-walking-60x60.avif 60w\" \/><\/figure>\r\n\r\n\r\n\r\n<p>Une <mark class=\"has-inline-color has-vivid-green-cyan-color\" style=\"background-color: rgba(0, 0, 0, 0);\">nouvelle<\/mark> de <mark class=\"has-inline-color has-vivid-red-color\" style=\"background-color: rgba(0, 0, 0, 0);\">No\u00ebl<\/mark> faisant suite au roman <strong><a href=\"https:\/\/olintorvingen.fr\/index.php\/biblio\/lacidite-des-airelles\/\" target=\"_blank\" rel=\"noreferrer noopener\" data-type=\"page\" data-id=\"54\">l&rsquo;Acidit\u00e9 des Airelles<\/a><\/strong><\/p>\r\n<\/div>\r\n\r\n\r\n\r\n<div class=\"wp-block-columns is-layout-flex wp-container-core-columns-is-layout-9d6595d7 wp-block-columns-is-layout-flex\">\r\n<div class=\"wp-block-column is-layout-flow wp-block-column-is-layout-flow\">\r\n<p><em>\u00c0 d\u00e9couvrir<\/em>\u00a0 GRATUITEMENT sur <a href=\"https:\/\/homoromance-editions.com\/ebooks-lesbiens-gratuits\/des-airelles-pour-noel-nouvelle-lesbienne-gratuite.html\" target=\"_blank\" rel=\"noreferrer noopener\">Homoromance-editions.com<\/a><\/p>\r\n<\/div>\r\n\r\n\r\n\r\n<div class=\"wp-block-column is-layout-flow wp-block-column-is-layout-flow\">\r\n<p><em>\u00c0 d\u00e9couvrir<\/em> sur\u00a0<a href=\"https:\/\/www.amazon.fr\/airelles-pour-no%C3%ABl-Romance-lesbienne-ebook\/dp\/B0BNCJJSVG\/ref\" target=\"_blank\" rel=\"noreferrer noopener\">Amazon.fr<\/a><\/p>\r\n<\/div>\r\n<\/div>\r\n\r\n\r\n\r\n<p><strong>Les tropes \/ th\u00e8mes :<\/strong>\u00a0romance de No\u00ebl, grumpy \/ sunshine, slow-burn, cr\u00eapes et guirlandes, Gu\u00e9rande<\/p>\r\n\r\n\r\n\r\n<div class=\"wp-block-columns alignfull is-layout-flex wp-container-core-columns-is-layout-9d6595d7 wp-block-columns-is-layout-flex\">\r\n<div class=\"wp-block-column is-layout-flow wp-block-column-is-layout-flow\" style=\"flex-basis: 50%;\">\r\n<div class=\"wp-block-cover is-light\" style=\"min-height: 600px;aspect-ratio:unset;\">\r\n<div class=\"wp-block-cover__inner-container is-layout-flow wp-block-cover-is-layout-flow\"><div class=\"wp-block-image\">\r\n<figure class=\"aligncenter size-full is-resized\"><img loading=\"lazy\" decoding=\"async\" width=\"300\" height=\"300\" sizes=\"auto, (max-width: 300px) 100vw, 300px\" class=\"wp-image-389\" style=\"width: 385px; height: auto;\" src=\"https:\/\/olintorvingen.fr\/wp-content\/uploads\/2024\/12\/Des-airelles-pour-Noel_olin-torvingen_nouvelle-gratuite_roman-lesbien_homoromance-editions.png\" alt=\"nouvelle lesbienne, s\u00e9quelle saphique de l'acidit\u00e9 des airelles, romance feel-good, livre ff, romance lesbienne, nouvelle de No\u00ebl, homoromance \u00e9ditions, queer, livre lesbien, goudou, olin torvingen\" srcset=\"https:\/\/olintorvingen.fr\/wp-content\/uploads\/2024\/12\/Des-airelles-pour-Noel_olin-torvingen_nouvelle-gratuite_roman-lesbien_homoromance-editions.png 300w, https:\/\/olintorvingen.fr\/wp-content\/uploads\/2024\/12\/Des-airelles-pour-Noel_olin-torvingen_nouvelle-gratuite_roman-lesbien_homoromance-editions-150x150.png 150w, https:\/\/olintorvingen.fr\/wp-content\/uploads\/2024\/12\/Des-airelles-pour-Noel_olin-torvingen_nouvelle-gratuite_roman-lesbien_homoromance-editions-60x60.png 60w\" \/><\/figure>\r\n<\/div><\/div>\r\n<\/div>\r\n<\/div>\r\n\r\n\r\n\r\n<div class=\"wp-block-column is-vertically-aligned-center is-layout-flow wp-block-column-is-layout-flow\" style=\"padding: 1em;\">\r\n<div class=\"wp-block-columns is-layout-flex wp-container-core-columns-is-layout-9d6595d7 wp-block-columns-is-layout-flex\">\r\n<div class=\"wp-block-column is-layout-flow wp-block-column-is-layout-flow\" style=\"flex-basis: 320px;\">\r\n<p class=\"has-small-font-size\" style=\"line-height: 1.6;\"><strong>Une nouvelle, oui, mais surtout &#8230; <\/strong><\/p>\r\n\r\n\r\n\r\n<h3 class=\"wp-block-heading\"><strong>Une <mark class=\"has-inline-color has-vivid-green-cyan-color\" style=\"background-color: rgba(0, 0, 0, 0);\">romance<\/mark> de <mark class=\"has-inline-color has-vivid-red-color\" style=\"background-color: rgba(0, 0, 0, 0);\">No\u00ebl<\/mark><\/strong><\/h3>\r\n\r\n\r\n\r\n<p><strong><mark class=\"has-inline-color has-black-color\" style=\"background-color: rgba(0, 0, 0, 0);\">GRATUITE<\/mark><\/strong><\/p>\r\n\r\n\r\n\r\n<p>&nbsp;<\/p>\r\n\r\n\r\n\r\n<p class=\"has-small-font-size\" style=\"line-height: 1.6;\"><strong>R\u00e9sum\u00e9<\/strong> : Dans le cadre du g\u00eete gu\u00e9randais, un No\u00ebl se pr\u00e9pare sans l\u2019odeur du sapin fra\u00eechement coup\u00e9 et Allen appr\u00e9hende autant qu\u2019elle attend les premi\u00e8res vacances qu\u2019elle a pr\u00e9vues avec Sara, ses neveux et ni\u00e8ces et son Chaton.<\/p>\r\n\r\n\r\n\r\n<p>&nbsp;<\/p>\r\n\r\n\r\n\r\n<p class=\"has-small-font-size\" style=\"line-height: 1.6;\">Il est beaucoup question de jeux, de Mariah Carey, de surprises, de coquillages, de confiture d\u2019airelles, et, un peu aussi de l\u2019ins\u00e9curit\u00e9 d\u2019Allen dans un moment o\u00f9 tous les siens sont heureux de se r\u00e9unir dans le partage.<\/p>\r\n<\/div>\r\n<\/div>\r\n<\/div>\r\n<\/div>\r\n\r\n\r\n\r\n<p><strong>Ce qu\u2019on en dit :<\/strong><\/p>\r\n\r\n\r\n\r\n<ul class=\"wp-block-list\">\r\n<li><a href=\"https:\/\/www.amazon.fr\/gp\/customer-reviews\/RMDL70Y716EV9\/ref=cm_cr_getr_d_rvw_ttl?ie=UTF8&amp;ASIN=B0BNCJJSVG\"><em>5,0 sur 5\u00a0\u00e9toiles<\/em>\u00a0magnifique<\/a><\/li>\r\n\r\n\r\n\r\n<li><a href=\"https:\/\/www.amazon.fr\/gp\/customer-reviews\/R118BSWBVIBDOP\/ref=cm_cr_getr_d_rvw_ttl?ie=UTF8&amp;ASIN=B0BNCJJSVG\"><em>5,0 sur 5\u00a0\u00e9toiles<\/em>\u00a0G\u00e9nial<\/a><\/li>\r\n\r\n\r\n\r\n<li><a href=\"https:\/\/www.amazon.fr\/gp\/customer-reviews\/R3OZI85MNCU5A4\/ref=cm_cr_getr_d_rvw_ttl?ie=UTF8&amp;ASIN=B0BNCJJSVG\"><em>5,0 sur 5\u00a0\u00e9toiles<\/em>\u00a0Une super histoire<\/a><\/li>\r\n<\/ul>\r\n\r\n\r\n<hr class=\"wp-block-separator has-alpha-channel-opacity\" \/>\r\n\r\n\r\n<div class=\"wp-block-columns is-layout-flex wp-container-core-columns-is-layout-9d6595d7 wp-block-columns-is-layout-flex\">\r\n<div class=\"wp-block-column is-layout-flow wp-block-column-is-layout-flow\">\r\n<p><em>\u00c0 d\u00e9couvrir<\/em>\u00a0sur\u00a0<a title=\"\" href=\"https:\/\/homoromance-editions.com\/romans-lesbiens-ebook\/nouvelles\/exploration.html\" target=\"_blank\" rel=\"noopener\">Homoromance-editions.com<\/a><\/p>\r\n<\/div>\r\n\r\n\r\n\r\n<div class=\"wp-block-column is-layout-flow wp-block-column-is-layout-flow\">\r\n<p><em>\u00c0 d\u00e9couvrir<\/em>\u00a0sur\u00a0<a title=\"\" href=\"https:\/\/www.amazon.fr\/Exploration-Nouvelle-lesbienne-Olin-Torvingen-ebook\/dp\/B0CYMC3SQV\/ref=cm_cr_arp_d_bdcrb_top?ie=UTF8\" target=\"_blank\" rel=\"noopener\">Amazon.com<\/a><\/p>\r\n<\/div>\r\n<\/div>\r\n\r\n\r\n\r\n<p><strong>Tropes :\u00a0<\/strong>univers m\u00e9di\u00e9val, cr\u00e9atures fantastiques, magie<\/p>\r\n\r\n\r\n\r\n<div class=\"wp-block-columns alignfull is-layout-flex wp-container-core-columns-is-layout-9d6595d7 wp-block-columns-is-layout-flex\">\r\n<div class=\"wp-block-column is-layout-flow wp-block-column-is-layout-flow\" style=\"flex-basis: 50%;\">\r\n<div class=\"wp-block-cover is-light\" style=\"min-height: 600px;aspect-ratio:unset;\">\r\n<div class=\"wp-block-cover__inner-container is-layout-flow wp-block-cover-is-layout-flow\"><div class=\"wp-block-image\">\r\n<figure class=\"aligncenter size-full is-resized\"><img loading=\"lazy\" decoding=\"async\" width=\"300\" height=\"300\" sizes=\"auto, (max-width: 300px) 100vw, 300px\" class=\"wp-image-390\" style=\"width: 385px; height: auto;\" src=\"https:\/\/olintorvingen.fr\/wp-content\/uploads\/2024\/12\/Exploration_nouvelle-erotique_fantastique_olin-torvingen_livre-lesbien.png\" alt=\"Exploration_nouvelle \u00e9rotique_Olin Torvingen_nouvelle lesbienne_romance lesbienne_lgbt_livre queer_roman queer_goudou_lecture_lgbt, homoromance \u00e9ditions\" srcset=\"https:\/\/olintorvingen.fr\/wp-content\/uploads\/2024\/12\/Exploration_nouvelle-erotique_fantastique_olin-torvingen_livre-lesbien.png 300w, https:\/\/olintorvingen.fr\/wp-content\/uploads\/2024\/12\/Exploration_nouvelle-erotique_fantastique_olin-torvingen_livre-lesbien-150x150.png 150w, https:\/\/olintorvingen.fr\/wp-content\/uploads\/2024\/12\/Exploration_nouvelle-erotique_fantastique_olin-torvingen_livre-lesbien-60x60.png 60w\" \/><\/figure>\r\n<\/div><\/div>\r\n<\/div>\r\n<\/div>\r\n\r\n\r\n\r\n<div class=\"wp-block-column is-vertically-aligned-center is-layout-flow wp-block-column-is-layout-flow\" style=\"padding: 1em;\">\r\n<div class=\"wp-block-columns is-layout-flex wp-container-core-columns-is-layout-9d6595d7 wp-block-columns-is-layout-flex\">\r\n<div class=\"wp-block-column is-layout-flow wp-block-column-is-layout-flow\" style=\"flex-basis: 320px;\">\r\n<h3 class=\"wp-block-heading\"><strong>Une nouvelle \u00e9rotique dans un univers fantastique<\/strong><\/h3>\r\n\r\n\r\n\r\n<p>&nbsp;<\/p>\r\n\r\n\r\n\r\n<p>&nbsp;<\/p>\r\n\r\n\r\n\r\n<p class=\"has-small-font-size\" style=\"line-height: 1.6;\"><strong>R\u00e9sum\u00e9<\/strong> : Eowyn parcourt le monde et en trace les contours sur des cartes qu\u2019elle dessine, pouss\u00e9e par un don qui l\u2019oblige \u00e0 voyager sans cesse.<\/p>\r\n\r\n\r\n\r\n<p>&nbsp;<\/p>\r\n\r\n\r\n\r\n<p class=\"has-small-font-size\" style=\"line-height: 1.6;\">Depuis son arriv\u00e9e dans la for\u00eat d\u2019Entrelombre, une pr\u00e9sence l\u2019observe, comme \u00ab mille regards \u00bb braqu\u00e9s sur elle. Malgr\u00e9 les dangers qui la menacent dans la for\u00eat magique, la demi-elfe se voit incapable d\u2019ignorer ces \u00ab mille regards \u00bb sur elle, ni de repousser l\u2019\u00e9trange excitation qui s&rsquo;installe \u00e0 la perspective d\u2019explorer cette \u00e9trange relation.<\/p>\r\n\r\n\r\n\r\n<p>&nbsp;<\/p>\r\n\r\n\r\n\r\n<p class=\"has-small-font-size\" style=\"line-height: 1.6;\">Attaqu\u00e9e soudainement par une chim\u00e8re, la demi-elfe se voit mourir. Elle est alors secourue par une magnifique dryade\u2026<\/p>\r\n<\/div>\r\n<\/div>\r\n<\/div>\r\n<\/div>\r\n\r\n\r\n\r\n<p><strong>Ce qu\u2019on en dit :<\/strong><\/p>\r\n\r\n\r\n\r\n<ul class=\"wp-block-list\">\r\n<li><a href=\"https:\/\/www.amazon.fr\/gp\/customer-reviews\/R3BYPHDVIMIEL1\/ref=cm_cr_dp_d_rvw_ttl?ie=UTF8&amp;ASIN=B0CYMC3SQV\"><em>5,0 sur 5\u00a0\u00e9toiles<\/em>\u00a0wahou\u00a0<\/a><\/li>\r\n\r\n\r\n\r\n<li><a href=\"https:\/\/www.amazon.fr\/gp\/customer-reviews\/RZZ2UWTRG2P83\/ref=cm_cr_dp_d_rvw_ttl?ie=UTF8&amp;ASIN=B0CYMC3SQV\"><em>5,0 sur 5\u00a0\u00e9toiles<\/em>\u00a0Un r\u00e9el plaisir \u00e0 lire<\/a><\/li>\r\n\r\n\r\n\r\n<li><a href=\"https:\/\/www.amazon.fr\/gp\/customer-reviews\/R2Y89IUMVZFOMN\/ref=cm_cr_arp_d_rvw_ttl?ie=UTF8&amp;ASIN=B0CYMC3SQV\"><em>5,0 sur 5\u00a0\u00e9toiles<\/em>\u00a0Agr\u00e9able nouvelle onirique<\/a><\/li>\r\n<\/ul>\r\n","protected":false},"excerpt":{"rendered":"<p>&#8230; pour prolonger l&rsquo;atmosph\u00e8re des romans En achetant ces nouvelles, sachez que tous les fonds recueillis par le biais des plateformes de lecture payantes sont revers\u00e9s \u00e0 une association d\u00e9di\u00e9e \u00e0 la protection des animaux. Une nouvelle de No\u00ebl faisant suite au roman l&rsquo;Acidit\u00e9 des Airelles \u00c0 d\u00e9couvrir\u00a0 GRATUITEMENT sur Homoromance-editions.com \u00c0 d\u00e9couvrir sur\u00a0Amazon.fr Les tropes \/ th\u00e8mes :\u00a0romance de No\u00ebl, grumpy \/ sunshine, slow-burn, cr\u00eapes et guirlandes, Gu\u00e9rande Une nouvelle, oui, mais surtout &#8230; Une romance de No\u00ebl GRATUITE &nbsp; R\u00e9sum\u00e9 : Dans le cadre du g\u00eete gu\u00e9randais, un No\u00ebl se pr\u00e9pare sans l\u2019odeur du sapin fra\u00eechement coup\u00e9 et &hellip; <\/p>\n","protected":false},"author":2,"featured_media":0,"parent":0,"menu_order":0,"comment_status":"closed","ping_status":"closed","template":"","meta":{"_seopress_robots_primary_cat":"","_seopress_titles_title":"Tout l'univers des romans d'Olin Torvingen dans ses nouvelles","_seopress_titles_desc":"Retrouvez l'univers du conte du chat bott\u00e9 dans Exploration et celui de l'Acidit\u00e9 des airelles, dans une nouvelle qui a un air de petite romance de No\u00ebl.","_seopress_robots_index":"","footnotes":""},"class_list":["post-117","page","type-page","status-publish","hentry"],"_links":{"self":[{"href":"https:\/\/olintorvingen.fr\/index.php\/wp-json\/wp\/v2\/pages\/117","targetHints":{"allow":["GET"]}}],"collection":[{"href":"https:\/\/olintorvingen.fr\/index.php\/wp-json\/wp\/v2\/pages"}],"about":[{"href":"https:\/\/olintorvingen.fr\/index.php\/wp-json\/wp\/v2\/types\/page"}],"author":[{"embeddable":true,"href":"https:\/\/olintorvingen.fr\/index.php\/wp-json\/wp\/v2\/users\/2"}],"replies":[{"embeddable":true,"href":"https:\/\/olintorvingen.fr\/index.php\/wp-json\/wp\/v2\/comments?post=117"}],"version-history":[{"count":41,"href":"https:\/\/olintorvingen.fr\/index.php\/wp-json\/wp\/v2\/pages\/117\/revisions"}],"predecessor-version":[{"id":811,"href":"https:\/\/olintorvingen.fr\/index.php\/wp-json\/wp\/v2\/pages\/117\/revisions\/811"}],"wp:attachment":[{"href":"https:\/\/olintorvingen.fr\/index.php\/wp-json\/wp\/v2\/media?parent=117"}],"curies":[{"name":"wp","href":"https:\/\/api.w.org\/{rel}","templated":true}]}}