{"id":2,"date":"2024-11-17T18:20:32","date_gmt":"2024-11-17T18:20:32","guid":{"rendered":"http:\/\/olintorvingen.fr\/?page_id=2"},"modified":"2025-03-22T12:37:38","modified_gmt":"2025-03-22T12:37:38","slug":"romanceslesbiennes","status":"publish","type":"page","link":"https:\/\/olintorvingen.fr\/","title":{"rendered":"Vie d&rsquo;autrice"},"content":{"rendered":"\n<h2 class=\"wp-block-heading\">Ce que j&rsquo;\u00e9cris<\/h2>\n\n\n\n<p><br>J&rsquo;\u00e9cris des livres qui finissent bien et dans lesquels les femmes pr\u00e9f\u00e8rent embrasser des femmes, \u00e0 travers des livres lesbiens fantastiques, des bit-lit ou des romances contemporaines. Car ce qui est important pour moi, c&rsquo;est de contribuer \u00e0 apporter des repr\u00e9sentations saphiques aux lecteurices.<\/p>\n\n\n\n<p>Pour en savoir plus sur la litt\u00e9rature saphique, consultez la page <a href=\"https:\/\/olintorvingen.fr\/index.php\/culture-saphique\/\" data-type=\"page\" data-id=\"27\" target=\"_blank\" rel=\"noreferrer noopener\">Culture saphique<\/a><\/p>\n","protected":false},"excerpt":{"rendered":"<p>Ce que j&rsquo;\u00e9cris J&rsquo;\u00e9cris des livres qui finissent bien et dans lesquels les femmes pr\u00e9f\u00e8rent embrasser des femmes, \u00e0 travers des livres lesbiens fantastiques, des bit-lit ou des romances contemporaines. Car ce qui est important pour moi, c&rsquo;est de contribuer \u00e0 apporter des repr\u00e9sentations saphiques aux lecteurices. Pour en savoir plus sur la litt\u00e9rature saphique, consultez la page Culture saphique<\/p>\n","protected":false},"author":2,"featured_media":278,"parent":0,"menu_order":0,"comment_status":"closed","ping_status":"open","template":"","meta":{"_seopress_robots_primary_cat":"","_seopress_titles_title":"Le site web d'Olin Torvingen, autrice de romances lesbiennes","_seopress_titles_desc":"Olin Torvingen \u00e9crit des livres lesbiens pour apporter une repr\u00e9sentation saphique dans la litt\u00e9rature, peu importe le genre (fantastique, bit-lit, etc)","_seopress_robots_index":"","_seopress_analysis_target_kw":"litt\u00e9rature lesbienne,lesbienne,queer,lecture,lgbt,maisons d'\u00e9dition lesbienne,nouvelle,saphique,genre litt\u00e9raire,femmes,vie d'autrice,j'\u00e9cris,fantastique,romances lesbiennes","footnotes":""},"class_list":["post-2","page","type-page","status-publish","has-post-thumbnail","hentry"],"_links":{"self":[{"href":"https:\/\/olintorvingen.fr\/index.php\/wp-json\/wp\/v2\/pages\/2","targetHints":{"allow":["GET"]}}],"collection":[{"href":"https:\/\/olintorvingen.fr\/index.php\/wp-json\/wp\/v2\/pages"}],"about":[{"href":"https:\/\/olintorvingen.fr\/index.php\/wp-json\/wp\/v2\/types\/page"}],"author":[{"embeddable":true,"href":"https:\/\/olintorvingen.fr\/index.php\/wp-json\/wp\/v2\/users\/2"}],"replies":[{"embeddable":true,"href":"https:\/\/olintorvingen.fr\/index.php\/wp-json\/wp\/v2\/comments?post=2"}],"version-history":[{"count":39,"href":"https:\/\/olintorvingen.fr\/index.php\/wp-json\/wp\/v2\/pages\/2\/revisions"}],"predecessor-version":[{"id":1014,"href":"https:\/\/olintorvingen.fr\/index.php\/wp-json\/wp\/v2\/pages\/2\/revisions\/1014"}],"wp:featuredmedia":[{"embeddable":true,"href":"https:\/\/olintorvingen.fr\/index.php\/wp-json\/wp\/v2\/media\/278"}],"wp:attachment":[{"href":"https:\/\/olintorvingen.fr\/index.php\/wp-json\/wp\/v2\/media?parent=2"}],"curies":[{"name":"wp","href":"https:\/\/api.w.org\/{rel}","templated":true}]}}