{"id":23,"date":"2024-11-18T20:01:22","date_gmt":"2024-11-18T20:01:22","guid":{"rendered":"https:\/\/olintorvingen.fr\/?page_id=23"},"modified":"2024-12-30T12:12:51","modified_gmt":"2024-12-30T12:12:51","slug":"actualites","status":"publish","type":"page","link":"https:\/\/olintorvingen.fr\/index.php\/actualites\/","title":{"rendered":"Actus\/blog"},"content":{"rendered":"<ul class=\"wp-block-latest-posts__list wp-block-latest-posts\"><li><a class=\"wp-block-latest-posts__post-title\" href=\"https:\/\/olintorvingen.fr\/index.php\/arras-accueille-un-salon-du-livre-lgbti\/\">Arras accueille un salon du livre LGBTI+<\/a><\/li>\n<li><a class=\"wp-block-latest-posts__post-title\" href=\"https:\/\/olintorvingen.fr\/index.php\/le-salon-du-livre-lgbtqia-a-metz\/\">Le salon du livre LGBTQIA+ \u00e0 Metz<\/a><\/li>\n<li><a class=\"wp-block-latest-posts__post-title\" href=\"https:\/\/olintorvingen.fr\/index.php\/le-salon-du-livre-lesbien-de-paris-2026\/\">Le salon du livre lesbien de Paris 2026<\/a><\/li>\n<li><a class=\"wp-block-latest-posts__post-title\" href=\"https:\/\/olintorvingen.fr\/index.php\/un-evenement-sportif-lgbt-a-la-rencontre-des-auteurices\/\">Un \u00e9v\u00e9nement sportif LGBT+ \u00e0 la rencontre des auteurices<\/a><\/li>\n<li><a class=\"wp-block-latest-posts__post-title\" href=\"https:\/\/olintorvingen.fr\/index.php\/un-site-web-met-en-lumiere-la-litterature-lesbienne-francophone\/\">Un site web met en lumi\u00e8re la litt\u00e9rature lesbienne francophone<\/a><\/li>\n<\/ul>","protected":false},"excerpt":{"rendered":"","protected":false},"author":2,"featured_media":486,"parent":0,"menu_order":0,"comment_status":"closed","ping_status":"closed","template":"","meta":{"_seopress_robots_primary_cat":"","_seopress_titles_title":"La page d'actualit\u00e9s \/ blog du site de l'autrice Olin Torvingen","_seopress_titles_desc":"La page d'actualit\u00e9s, d'annonces et de blogging o\u00f9 l'autrice de romances lesbiennes Olin Torvingen partage ses derni\u00e8res infos et annonces.","_seopress_robots_index":"","footnotes":""},"class_list":["post-23","page","type-page","status-publish","has-post-thumbnail","hentry"],"_links":{"self":[{"href":"https:\/\/olintorvingen.fr\/index.php\/wp-json\/wp\/v2\/pages\/23","targetHints":{"allow":["GET"]}}],"collection":[{"href":"https:\/\/olintorvingen.fr\/index.php\/wp-json\/wp\/v2\/pages"}],"about":[{"href":"https:\/\/olintorvingen.fr\/index.php\/wp-json\/wp\/v2\/types\/page"}],"author":[{"embeddable":true,"href":"https:\/\/olintorvingen.fr\/index.php\/wp-json\/wp\/v2\/users\/2"}],"replies":[{"embeddable":true,"href":"https:\/\/olintorvingen.fr\/index.php\/wp-json\/wp\/v2\/comments?post=23"}],"version-history":[{"count":16,"href":"https:\/\/olintorvingen.fr\/index.php\/wp-json\/wp\/v2\/pages\/23\/revisions"}],"predecessor-version":[{"id":783,"href":"https:\/\/olintorvingen.fr\/index.php\/wp-json\/wp\/v2\/pages\/23\/revisions\/783"}],"wp:featuredmedia":[{"embeddable":true,"href":"https:\/\/olintorvingen.fr\/index.php\/wp-json\/wp\/v2\/media\/486"}],"wp:attachment":[{"href":"https:\/\/olintorvingen.fr\/index.php\/wp-json\/wp\/v2\/media?parent=23"}],"curies":[{"name":"wp","href":"https:\/\/api.w.org\/{rel}","templated":true}]}}