{"id":25,"date":"2024-11-24T17:25:11","date_gmt":"2024-11-24T17:25:11","guid":{"rendered":"https:\/\/olintorvingen.fr\/?page_id=25"},"modified":"2024-12-02T18:22:45","modified_gmt":"2024-12-02T18:22:45","slug":"les-collectifs","status":"publish","type":"page","link":"https:\/\/olintorvingen.fr\/index.php\/les-collectifs\/","title":{"rendered":"Les collectifs"},"content":{"rendered":"\n<hr class=\"wp-block-separator has-alpha-channel-opacity\"\/>\n\n\n\n<h2 class=\"wp-block-heading\">Parce qu\u2019\u00e9crire \u00e0 plusieurs, c\u2019est mieux ! <\/h2>\n\n\n\n<p>Ces collectifs rassemblent des autrices de <a href=\"https:\/\/homoromance-editions.com\/\" target=\"_blank\" rel=\"noreferrer noopener\">Homoromance Editions<\/a>, qui ont accept\u00e9 d&rsquo;\u00e9crire des nouvelles pour soutenir la cause animale :  <strong>tous les fonds recueillis<\/strong> par le biais des plateformes de lecture payantes <strong>sont revers\u00e9s \u00e0 une association d\u00e9di\u00e9e \u00e0 la protection des animaux<\/strong><\/p>\n\n\n\n<div class=\"wp-block-columns is-layout-flex wp-container-core-columns-is-layout-9d6595d7 wp-block-columns-is-layout-flex\">\n<div class=\"wp-block-column is-layout-flow wp-block-column-is-layout-flow\">\n<p>\u00c0 d\u00e9couvrir sur&nbsp;<a href=\"https:\/\/homoromance-editions.com\/livres-lesbiens\/animots-1.html\" target=\"_blank\" rel=\"noreferrer noopener\">Homoromance-editions.com<\/a><\/p>\n<\/div>\n\n\n\n<div class=\"wp-block-column is-layout-flow wp-block-column-is-layout-flow\">\n<p>\u00c0 d\u00e9couvrir sur&nbsp;<a href=\"https:\/\/www.amazon.fr\/Ani-Mots-FxF-Nouvelles-lesbiennes\/dp\/B08Q9SB75P?ref_=ast_author_dp\" target=\"_blank\" rel=\"noreferrer noopener\">Amazon<\/a><\/p>\n<\/div>\n<\/div>\n\n\n\n<div class=\"wp-block-columns alignfull is-layout-flex wp-container-core-columns-is-layout-9d6595d7 wp-block-columns-is-layout-flex\">\n<div class=\"wp-block-column is-layout-flow wp-block-column-is-layout-flow\" style=\"flex-basis:50%\">\n<div class=\"wp-block-cover is-light\" style=\"min-height:600px;aspect-ratio:unset;\"><span aria-hidden=\"true\" class=\"wp-block-cover__background has-background-dim-100 has-background-dim\" style=\"background-color:#f6f6f6\"><\/span><div class=\"wp-block-cover__inner-container is-layout-flow wp-block-cover-is-layout-flow\"><div class=\"wp-block-image\">\n<figure class=\"aligncenter size-full is-resized\"><img loading=\"lazy\" decoding=\"async\" width=\"300\" height=\"300\" sizes=\"auto, (max-width: 300px) 100vw, 300px\" src=\"https:\/\/olintorvingen.fr\/wp-content\/uploads\/2024\/11\/Animots-1_nouvelles_livres-lesbiens_olin-torvingen.png\" alt=\"nouvelles lesbiennes, collectif, roman lesbien, romance, lesbienne, don pour les animaux, queer, goudou, lgbt, autrice, saphique, olin torvingen, homoromance\" class=\"wp-image-385\" style=\"width:334px;height:auto\" srcset=\"https:\/\/olintorvingen.fr\/wp-content\/uploads\/2024\/11\/Animots-1_nouvelles_livres-lesbiens_olin-torvingen.png 300w, https:\/\/olintorvingen.fr\/wp-content\/uploads\/2024\/11\/Animots-1_nouvelles_livres-lesbiens_olin-torvingen-150x150.png 150w, https:\/\/olintorvingen.fr\/wp-content\/uploads\/2024\/11\/Animots-1_nouvelles_livres-lesbiens_olin-torvingen-60x60.png 60w\" \/><\/figure>\n<\/div><\/div><\/div>\n<\/div>\n\n\n\n<div class=\"wp-block-column is-vertically-aligned-center is-layout-flow wp-block-column-is-layout-flow\" style=\"padding-top:1em;padding-right:1em;padding-bottom:1em;padding-left:1em\">\n<div class=\"wp-block-columns is-layout-flex wp-container-core-columns-is-layout-9d6595d7 wp-block-columns-is-layout-flex\">\n<div class=\"wp-block-column is-layout-flow wp-block-column-is-layout-flow\" style=\"flex-basis:320px\">\n<p class=\"has-small-font-size\" style=\"line-height:1.6\"><strong>Dans ce recueil, la nouvelle <\/strong><\/p>\n\n\n\n<h3 class=\"wp-block-heading\"><strong>Tcha\u00efkovski et le chat noir&nbsp;<\/strong><\/h3>\n\n\n\n<p class=\"has-small-font-size\" style=\"line-height:1.6\">(et plein d&rsquo;autres !)<\/p>\n\n\n\n<p><\/p>\n\n\n\n<p><\/p>\n\n\n\n<p class=\"has-small-font-size\" style=\"line-height:1.6\">D\u00e9couvrez S\u00e9l\u00e8ne, \u00e0 la poursuite d\u2019un<br>chat noir dans les couloirs du grand<br>h\u00f4tel de luxe dans lequel elle travaille.<\/p>\n\n\n\n<p class=\"has-small-font-size\" style=\"line-height:1.6\"><br>Une romance po\u00e9tique sur le fond<br>musical du Lac des Cygnes\u2026<\/p>\n<\/div>\n<\/div>\n<\/div>\n<\/div>\n\n\n\n<h4 class=\"wp-block-heading\">Dans ce collectif, vous trouverez \u00e9galement des nouvelles des autrices suivantes :<\/h4>\n\n\n\n<ul class=\"wp-block-list\">\n<li>Magali Junjaud<\/li>\n\n\n\n<li>Alexia Damyl<\/li>\n\n\n\n<li>Liv Land<\/li>\n\n\n\n<li>M\u00e9lissa Roche<\/li>\n\n\n\n<li>Kadyan<\/li>\n\n\n\n<li>Alexandra Mac Kargan<\/li>\n\n\n\n<li>St\u00e9phanie Lullaby<\/li>\n\n\n\n<li>\u00c9glantine Bau<\/li>\n\n\n\n<li>Marcia Gary<\/li>\n\n\n\n<li>Charlotte Kay,<\/li>\n\n\n\n<li>Elyse San<\/li>\n\n\n\n<li>Mona Lehmann<\/li>\n\n\n\n<li>Valydel<\/li>\n\n\n\n<li>Lyle Sarlon<\/li>\n\n\n\n<li>C\u00e9line Penaud<\/li>\n\n\n\n<li>Joce-Lynne Proulx, <\/li>\n\n\n\n<li>Lucile Toussaint<\/li>\n\n\n\n<li>Gaya Tameron<\/li>\n<\/ul>\n\n\n\n<hr class=\"wp-block-separator has-alpha-channel-opacity\"\/>\n\n\n\n<h2 class=\"wp-block-heading\">Un collectif n\u00e9 suite aux <a href=\"https:\/\/www.couleursgaies.fr\/salon-du-livre-lgbtqi-de-metz-2024\/\" target=\"_blank\" rel=\"noreferrer noopener\">salons du livre LGBTQI+ de Metz<\/a> et du livre lesbien de Paris, en 2023<\/h2>\n\n\n\n<div class=\"wp-block-columns is-layout-flex wp-container-core-columns-is-layout-9d6595d7 wp-block-columns-is-layout-flex\">\n<div class=\"wp-block-column is-layout-flow wp-block-column-is-layout-flow\">\n<p>\u00c0 d\u00e9couvrir sur&nbsp;<a href=\"https:\/\/www.amazon.fr\/Nouvelles-Parisiennes-Messines-Livre-lesbien-ebook\/dp\/B0DJ3DM2ZG\/\" target=\"_blank\" rel=\"noreferrer noopener\">Homoromance-editions.com<\/a><\/p>\n<\/div>\n\n\n\n<div class=\"wp-block-column is-layout-flow wp-block-column-is-layout-flow\">\n<p>\u00c0 d\u00e9couvrir sur&nbsp;<a href=\"https:\/\/www.amazon.fr\/Nouvelles-Parisiennes-Messines-Livre-lesbien-ebook\/dp\/B0DJ3DM2ZG\/\" target=\"_blank\" rel=\"noreferrer noopener\">Amazon<\/a><\/p>\n<\/div>\n<\/div>\n\n\n\n<div class=\"wp-block-columns alignfull is-layout-flex wp-container-core-columns-is-layout-9d6595d7 wp-block-columns-is-layout-flex\">\n<div class=\"wp-block-column is-layout-flow wp-block-column-is-layout-flow\" style=\"flex-basis:50%\">\n<div class=\"wp-block-cover is-light\" style=\"min-height:600px;aspect-ratio:unset;\"><span aria-hidden=\"true\" class=\"wp-block-cover__background has-background-dim-100 has-background-dim\" style=\"background-color:#f6f6f6\"><\/span><div class=\"wp-block-cover__inner-container is-layout-flow wp-block-cover-is-layout-flow\"><div class=\"wp-block-image\">\n<figure class=\"aligncenter size-full is-resized\"><img alt=\"nouvelles lesbiennes, collectif, roman lesbien, romance, lesbienne, don pour les animaux, queer, goudou, lgbt, metz, paris, livre ff, romance lesbienne, homoromance \u00e9ditions, queer, livre lesbien, goudou, olin torvingen, gouine, amour entre femme, lesbianisme, f\u00e9minisme, homosexualit\u00e9, meilleurs livres lesbiens, meilleure romance lesbienne, pdf \u00e0 t\u00e9l\u00e9chargement, t\u00e9l\u00e9chargement gratuit\" loading=\"lazy\" decoding=\"async\" width=\"300\" height=\"300\" sizes=\"auto, (max-width: 300px) 100vw, 300px\" src=\"https:\/\/olintorvingen.fr\/wp-content\/uploads\/2024\/11\/nouvelles-parisiennes-et-messines_olin-torvingen_livres-lesbiens-2.png\" alt=\"\" class=\"wp-image-378\" style=\"width:348px;height:auto\" srcset=\"https:\/\/olintorvingen.fr\/wp-content\/uploads\/2024\/11\/nouvelles-parisiennes-et-messines_olin-torvingen_livres-lesbiens-2.png 300w, https:\/\/olintorvingen.fr\/wp-content\/uploads\/2024\/11\/nouvelles-parisiennes-et-messines_olin-torvingen_livres-lesbiens-2-150x150.png 150w, https:\/\/olintorvingen.fr\/wp-content\/uploads\/2024\/11\/nouvelles-parisiennes-et-messines_olin-torvingen_livres-lesbiens-2-60x60.png 60w\" \/><\/figure>\n<\/div><\/div><\/div>\n<\/div>\n\n\n\n<div class=\"wp-block-column is-vertically-aligned-center is-layout-flow wp-block-column-is-layout-flow\" style=\"padding-top:1em;padding-right:1em;padding-bottom:1em;padding-left:1em\">\n<div class=\"wp-block-columns is-layout-flex wp-container-core-columns-is-layout-9d6595d7 wp-block-columns-is-layout-flex\">\n<div class=\"wp-block-column is-layout-flow wp-block-column-is-layout-flow\" style=\"flex-basis:320px\">\n<p class=\"has-small-font-size\" style=\"line-height:1.6\"><strong>Dans ce collectif<\/strong><\/p>\n\n\n\n<h3 class=\"wp-block-heading\"><strong>Ce n&rsquo;\u00e9tait pas le r\u00eave de Cl\u00e9mentine<\/strong><\/h3>\n\n\n\n<p>et <\/p>\n\n\n\n<h3 class=\"wp-block-heading\"><strong>Le passeport ang\u00e9lique<\/strong><\/h3>\n\n\n\n<p><\/p>\n\n\n\n<p class=\"has-small-font-size\" style=\"line-height:1.6\">Les nouvelles saphiques de ce recueil, \u00e9crites lors d\u2019un pari un peu fou entre les autrices de Homoromance \u00e9ditions, pendant le salon&nbsp;<a href=\"https:\/\/www.couleursgaies.fr\/salon-du-livre-lgbt-de-metz-2023\/\" target=\"_blank\" rel=\"noreferrer noopener\">du livre LGBTQI+ de Metz 2023<\/a>&nbsp;et le&nbsp;<a href=\"https:\/\/homoromance-editions.com\/actualites\/rdv-a-la-3e-edition-du-salon-du-livre-lgbtqi-de-metz-organise-par-couleurs-gaies-en-septembre-2023.html\" target=\"_blank\" rel=\"noreferrer noopener\">salon du livre lesbien de Paris 2023<\/a>, commencent toutes par la m\u00eame phrase, mais ne racontent pas du tout les m\u00eames histoires !<\/p>\n<\/div>\n<\/div>\n<\/div>\n<\/div>\n\n\n\n<h4 class=\"wp-block-heading\">Dans ce collectif, vous trouverez \u00e9galement des nouvelles des autrices suivantes :<\/h4>\n\n\n\n<ul class=\"wp-block-list\">\n<li>Alexandra Lafitte<\/li>\n\n\n\n<li>Liv Land<\/li>\n\n\n\n<li>Alexia Damyl<\/li>\n\n\n\n<li>H\u00e9l\u00e8ne de Froment et Isa de Froment<\/li>\n\n\n\n<li>Kadyan<\/li>\n\n\n\n<li>Nik Moana<\/li>\n\n\n\n<li>Mady D. <\/li>\n\n\n\n<li>Marcia Gary<\/li>\n\n\n\n<li>St\u00e9phanie Lullaby<\/li>\n<\/ul>\n","protected":false},"excerpt":{"rendered":"<p>Parce qu\u2019\u00e9crire \u00e0 plusieurs, c\u2019est mieux ! Ces collectifs rassemblent des autrices de Homoromance Editions, qui ont accept\u00e9 d&rsquo;\u00e9crire des nouvelles pour soutenir la cause animale : tous les fonds recueillis par le biais des plateformes de lecture payantes sont revers\u00e9s \u00e0 une association d\u00e9di\u00e9e \u00e0 la protection des animaux \u00c0 d\u00e9couvrir sur&nbsp;Homoromance-editions.com \u00c0 d\u00e9couvrir sur&nbsp;Amazon Dans ce recueil, la nouvelle Tcha\u00efkovski et le chat noir&nbsp; (et plein d&rsquo;autres !) D\u00e9couvrez S\u00e9l\u00e8ne, \u00e0 la poursuite d\u2019unchat noir dans les couloirs du grandh\u00f4tel de luxe dans lequel elle travaille. Une romance po\u00e9tique sur le fondmusical du Lac des Cygnes\u2026 Dans ce &hellip; <\/p>\n","protected":false},"author":2,"featured_media":266,"parent":0,"menu_order":0,"comment_status":"closed","ping_status":"closed","template":"","meta":{"_seopress_robots_primary_cat":"","_seopress_titles_title":"Les anthologies de nouvelles saphiques | D\u00e9couvrir la plume des autrices","_seopress_titles_desc":"Parce qu'\u00e0 plusieurs, c'est mieux, les autrices de Homoromance \u00e9ditions (HR) se lancent des d\u00e9fis de nouvelles, lors des salons du livre lesbien ou LGBTQI+","_seopress_robots_index":"","_seopress_analysis_target_kw":"nouvelles,anthologie,autrices,Homoromance \u00e9ditions,salon du livre lgbtqi+ de Metz,salon du livre lesbien de paris,collectifs,passeport,r\u00eave,salons du livre,collectif,metz","footnotes":""},"class_list":["post-25","page","type-page","status-publish","has-post-thumbnail","hentry"],"_links":{"self":[{"href":"https:\/\/olintorvingen.fr\/index.php\/wp-json\/wp\/v2\/pages\/25","targetHints":{"allow":["GET"]}}],"collection":[{"href":"https:\/\/olintorvingen.fr\/index.php\/wp-json\/wp\/v2\/pages"}],"about":[{"href":"https:\/\/olintorvingen.fr\/index.php\/wp-json\/wp\/v2\/types\/page"}],"author":[{"embeddable":true,"href":"https:\/\/olintorvingen.fr\/index.php\/wp-json\/wp\/v2\/users\/2"}],"replies":[{"embeddable":true,"href":"https:\/\/olintorvingen.fr\/index.php\/wp-json\/wp\/v2\/comments?post=25"}],"version-history":[{"count":25,"href":"https:\/\/olintorvingen.fr\/index.php\/wp-json\/wp\/v2\/pages\/25\/revisions"}],"predecessor-version":[{"id":512,"href":"https:\/\/olintorvingen.fr\/index.php\/wp-json\/wp\/v2\/pages\/25\/revisions\/512"}],"wp:featuredmedia":[{"embeddable":true,"href":"https:\/\/olintorvingen.fr\/index.php\/wp-json\/wp\/v2\/media\/266"}],"wp:attachment":[{"href":"https:\/\/olintorvingen.fr\/index.php\/wp-json\/wp\/v2\/media?parent=25"}],"curies":[{"name":"wp","href":"https:\/\/api.w.org\/{rel}","templated":true}]}}