{"id":27,"date":"2024-11-30T18:18:08","date_gmt":"2024-11-30T18:18:08","guid":{"rendered":"https:\/\/olintorvingen.fr\/?page_id=27"},"modified":"2025-09-08T20:01:04","modified_gmt":"2025-09-08T20:01:04","slug":"culture-saphique","status":"publish","type":"page","link":"https:\/\/olintorvingen.fr\/index.php\/culture-saphique\/","title":{"rendered":"Culture saphique"},"content":{"rendered":"\n<h2 class=\"wp-block-heading\"><a href=\"https:\/\/olintorvingen.fr\/index.php\/de-la-litterature-lesbienne\/\" data-type=\"page\" data-id=\"29\">Qu\u2019est-ce que la litt\u00e9rature lesbienne ?<\/a><\/h2>\n\n\n\n<h2 class=\"wp-block-heading\"><a href=\"https:\/\/olintorvingen.fr\/index.php\/une-liste-de-romans-lesbiens-francophones\/\" data-type=\"page\" data-id=\"1091\" target=\"_blank\" rel=\"noreferrer noopener\">Une liste de livres lesbiens francophones<\/a><\/h2>\n\n\n\n<h2 class=\"wp-block-heading\"><a href=\"https:\/\/olintorvingen.fr\/index.php\/my-list-of-sapphic-books\/\" data-type=\"page\" data-id=\"1093\" target=\"_blank\" rel=\"noreferrer noopener\">My list of sapphic books in english<\/a><\/h2>\n\n\n\n<h2 class=\"wp-block-heading\"><a href=\"https:\/\/olintorvingen.fr\/index.php\/ma-liste-de-films-et-series-ff\/\" data-type=\"page\" data-id=\"65\" target=\"_blank\" rel=\"noreferrer noopener\">Ma liste de films, s\u00e9ries et anime ff<\/a><\/h2>\n\n\n\n<p><\/p>\n","protected":false},"excerpt":{"rendered":"<p>Qu\u2019est-ce que la litt\u00e9rature lesbienne ? Une liste de livres lesbiens francophones My list of sapphic books in english Ma liste de films, s\u00e9ries et anime ff<\/p>\n","protected":false},"author":2,"featured_media":328,"parent":0,"menu_order":0,"comment_status":"closed","ping_status":"closed","template":"","meta":{"_seopress_robots_primary_cat":"","_seopress_titles_title":"Pour en savoir plus sur la culture lesbienne (litt\u00e9rature, films, s\u00e9ries), suivez les liens !","_seopress_titles_desc":"Une page pour expliquer ce qu'est la litt\u00e9rature lesbienne et pour comprendre pourquoi les lesbiennes ont besoin de repr\u00e9sentations dans la litt\u00e9rature.","_seopress_robots_index":"","footnotes":""},"class_list":["post-27","page","type-page","status-publish","has-post-thumbnail","hentry"],"_links":{"self":[{"href":"https:\/\/olintorvingen.fr\/index.php\/wp-json\/wp\/v2\/pages\/27","targetHints":{"allow":["GET"]}}],"collection":[{"href":"https:\/\/olintorvingen.fr\/index.php\/wp-json\/wp\/v2\/pages"}],"about":[{"href":"https:\/\/olintorvingen.fr\/index.php\/wp-json\/wp\/v2\/types\/page"}],"author":[{"embeddable":true,"href":"https:\/\/olintorvingen.fr\/index.php\/wp-json\/wp\/v2\/users\/2"}],"replies":[{"embeddable":true,"href":"https:\/\/olintorvingen.fr\/index.php\/wp-json\/wp\/v2\/comments?post=27"}],"version-history":[{"count":12,"href":"https:\/\/olintorvingen.fr\/index.php\/wp-json\/wp\/v2\/pages\/27\/revisions"}],"predecessor-version":[{"id":1156,"href":"https:\/\/olintorvingen.fr\/index.php\/wp-json\/wp\/v2\/pages\/27\/revisions\/1156"}],"wp:featuredmedia":[{"embeddable":true,"href":"https:\/\/olintorvingen.fr\/index.php\/wp-json\/wp\/v2\/media\/328"}],"wp:attachment":[{"href":"https:\/\/olintorvingen.fr\/index.php\/wp-json\/wp\/v2\/media?parent=27"}],"curies":[{"name":"wp","href":"https:\/\/api.w.org\/{rel}","templated":true}]}}