{"id":63,"date":"2024-11-24T14:52:02","date_gmt":"2024-11-24T14:52:02","guid":{"rendered":"https:\/\/olintorvingen.fr\/?page_id=63"},"modified":"2025-01-09T20:48:04","modified_gmt":"2025-01-09T20:48:04","slug":"goodies","status":"publish","type":"page","link":"https:\/\/olintorvingen.fr\/index.php\/goodies\/","title":{"rendered":"Goodies"},"content":{"rendered":"\n<hr class=\"wp-block-separator has-alpha-channel-opacity\"\/>\n\n\n\n<h2 class=\"wp-block-heading\">Une <mark class=\"has-inline-color has-vivid-green-cyan-color\" style=\"background-color: rgba(0, 0, 0, 0);\">nouvelle<\/mark> de <mark class=\"has-inline-color has-vivid-red-color\" style=\"background-color: rgba(0, 0, 0, 0);\">No\u00ebl<\/mark> en t\u00e9l\u00e9chargement gratuit<\/h2>\n\n\n\n<p><em>Des airelles pour No\u00ebl <\/em>est en t\u00e9l\u00e9chargement gratuit sur le site de Homoromance \u00e9dition. Pour en savoir plus sur cette nouvelle saphique, \u00e9pilogue cadeau de <a href=\"https:\/\/olintorvingen.fr\/index.php\/biblio\/lacidite-des-airelles\/\" data-type=\"page\" data-id=\"54\" target=\"_blank\" rel=\"noreferrer noopener\">L&rsquo;acidit\u00e9 des airelles<\/a>, <a href=\"https:\/\/olintorvingen.fr\/index.php\/les-nouvelles\/\" data-type=\"page\" data-id=\"117\">c&rsquo;est ici<\/a><\/p>\n\n\n\n<p>Et encore plus de livres gratuits des autrices de Homoromance \u00e9ditions <a title=\"HR ici\" href=\"https:\/\/homoromance-editions.com\/ebooks-lesbiens-gratuits\/\" target=\"_blank\" rel=\"noopener\">ici<\/a> !<\/p>\n\n\n\n<hr class=\"wp-block-separator has-alpha-channel-opacity\"\/>\n\n\n\n<h2 class=\"wp-block-heading\">Des extraits audio<\/h2>\n\n\n\n<h3 class=\"wp-block-heading\">L&rsquo;acidit\u00e9 des airelles, en audio<\/h3>\n\n\n\n<div class=\"wp-block-media-text is-stacked-on-mobile\" style=\"grid-template-columns:62% auto\"><figure class=\"wp-block-media-text__media\"><a href=\"https:\/\/www.youtube.com\/watch?v=oSU8m04557U&amp;feature=youtu.be\"><img loading=\"lazy\" decoding=\"async\" width=\"750\" height=\"400\" src=\"https:\/\/olintorvingen.fr\/wp-content\/uploads\/2024\/12\/extrait-audio_lacidite-des-airelles_olin-torvingen_romance-lesbienne.png\" alt=\"extrait audio, audiobook, extrait de livre, livre lesbien, olin torvingen, queer, booktok, bookstagram, romance, feel-good, homoromance \u00e9ditions, livre saphique, slow-burn, romance, meilleure romance lesbienne, meilleurs livres lesbiens, top livres lesbiens, t\u00e9l\u00e9charger, audio book, livre audio, homosexualit\u00e9, gouine, goudou, amour entre femmes, top des meilleurs livres lesbiens, meilleur livre lesbien\" class=\"wp-image-425 size-full\" srcset=\"https:\/\/olintorvingen.fr\/wp-content\/uploads\/2024\/12\/extrait-audio_lacidite-des-airelles_olin-torvingen_romance-lesbienne.png 750w, https:\/\/olintorvingen.fr\/wp-content\/uploads\/2024\/12\/extrait-audio_lacidite-des-airelles_olin-torvingen_romance-lesbienne-300x160.png 300w\" sizes=\"auto, (max-width: 750px) 100vw, 750px\" \/><\/a><\/figure><div class=\"wp-block-media-text__content\">\n<p>&nbsp;<\/p>\n\n\n\n<h4 class=\"wp-block-heading has-text-align-center\">3.55 mn du chapitre 18<\/h4>\n\n\n\n<p>Lu par une autrice qui n\u2019a jamais pris de cours de th\u00e9\u00e2tre, ni jamais fait de lectures publiques\u2026 (vous \u00eates pr\u00e9venus)<\/p>\n<\/div><\/div>\n\n\n\n<h3 class=\"wp-block-heading\">Le marquis de Carabas et son chat bott\u00e9, en audio<\/h3>\n\n\n\n<div class=\"wp-block-media-text is-stacked-on-mobile\" style=\"grid-template-columns:62% auto\"><figure class=\"wp-block-media-text__media\"><a href=\"https:\/\/youtu.be\/-ZjKX6PAuTw\"><img loading=\"lazy\" decoding=\"async\" width=\"750\" height=\"400\" src=\"https:\/\/olintorvingen.fr\/wp-content\/uploads\/2024\/12\/extrait-audio_lechatbotte_conte-lesbien_olin-torvingen_romance-fantastique.png\" alt=\"chat bott\u00e9, conte revisit\u00e9, \u00e9cologique, f\u00e9ministe, lesbien, romance saphique, livre lesbien, lgbt, queer, sorci\u00e8re, ogre, magie, homoromance \u00e9ditions, fantasy, fantastique, parcours initiatique, top des livres fantastiques lesbiens, meilleur livre lesbien, goudou, amour entre femmes, pdf \u00e0 t\u00e9l\u00e9charger, livre audio, audio book\" class=\"wp-image-427 size-full\" srcset=\"https:\/\/olintorvingen.fr\/wp-content\/uploads\/2024\/12\/extrait-audio_lechatbotte_conte-lesbien_olin-torvingen_romance-fantastique.png 750w, https:\/\/olintorvingen.fr\/wp-content\/uploads\/2024\/12\/extrait-audio_lechatbotte_conte-lesbien_olin-torvingen_romance-fantastique-300x160.png 300w\" sizes=\"auto, (max-width: 750px) 100vw, 750px\" \/><\/a><\/figure><div class=\"wp-block-media-text__content\">\n<h4 class=\"wp-block-heading has-text-align-center\">5 mn du chapitre 14<\/h4>\n\n\n\n<p>Lu par une autrice qui ferait mieux d\u2019\u00e9crire plut\u00f4t que de jouer avec son micro !<\/p>\n<\/div><\/div>\n\n\n\n<p>&nbsp;<\/p>\n","protected":false},"excerpt":{"rendered":"<p>Une nouvelle de No\u00ebl en t\u00e9l\u00e9chargement gratuit Des airelles pour No\u00ebl est en t\u00e9l\u00e9chargement gratuit sur le site de Homoromance \u00e9dition. Pour en savoir plus sur cette nouvelle saphique, \u00e9pilogue cadeau de L&rsquo;acidit\u00e9 des airelles, c&rsquo;est ici Et encore plus de livres gratuits des autrices de Homoromance \u00e9ditions ici ! Des extraits audio L&rsquo;acidit\u00e9 des airelles, en audio &nbsp; 3.55 mn du chapitre 18 Lu par une autrice qui n\u2019a jamais pris de cours de th\u00e9\u00e2tre, ni jamais fait de lectures publiques\u2026 (vous \u00eates pr\u00e9venus) Le marquis de Carabas et son chat bott\u00e9, en audio 5 mn du chapitre 14 &hellip; <\/p>\n","protected":false},"author":2,"featured_media":295,"parent":0,"menu_order":0,"comment_status":"closed","ping_status":"closed","template":"","meta":{"_seopress_robots_primary_cat":"","_seopress_titles_title":"Goodies, ebook gratuit, extraits audio et autres cadeaux","_seopress_titles_desc":"T\u00e9l\u00e9chargez une nouvelle de No\u00ebl gratuite, \u00e9coutez des extraits et des live, et d\u00e9couvrez les lectures de l'autrice de romances lesbiennes Olin Torvingen","_seopress_robots_index":"","_seopress_analysis_target_kw":"goodies,extraits de livre,t\u00e9l\u00e9chargement gratuit,no\u00ebl,Chat bott\u00e9,Carabas,cadeaux,ff","footnotes":""},"class_list":["post-63","page","type-page","status-publish","has-post-thumbnail","hentry"],"_links":{"self":[{"href":"https:\/\/olintorvingen.fr\/index.php\/wp-json\/wp\/v2\/pages\/63","targetHints":{"allow":["GET"]}}],"collection":[{"href":"https:\/\/olintorvingen.fr\/index.php\/wp-json\/wp\/v2\/pages"}],"about":[{"href":"https:\/\/olintorvingen.fr\/index.php\/wp-json\/wp\/v2\/types\/page"}],"author":[{"embeddable":true,"href":"https:\/\/olintorvingen.fr\/index.php\/wp-json\/wp\/v2\/users\/2"}],"replies":[{"embeddable":true,"href":"https:\/\/olintorvingen.fr\/index.php\/wp-json\/wp\/v2\/comments?post=63"}],"version-history":[{"count":29,"href":"https:\/\/olintorvingen.fr\/index.php\/wp-json\/wp\/v2\/pages\/63\/revisions"}],"predecessor-version":[{"id":891,"href":"https:\/\/olintorvingen.fr\/index.php\/wp-json\/wp\/v2\/pages\/63\/revisions\/891"}],"wp:featuredmedia":[{"embeddable":true,"href":"https:\/\/olintorvingen.fr\/index.php\/wp-json\/wp\/v2\/media\/295"}],"wp:attachment":[{"href":"https:\/\/olintorvingen.fr\/index.php\/wp-json\/wp\/v2\/media?parent=63"}],"curies":[{"name":"wp","href":"https:\/\/api.w.org\/{rel}","templated":true}]}}