{"id":902,"date":"2025-02-23T11:10:21","date_gmt":"2025-02-23T11:10:21","guid":{"rendered":"https:\/\/olintorvingen.fr\/?page_id=902"},"modified":"2025-03-16T08:00:42","modified_gmt":"2025-03-16T08:00:42","slug":"ma-liste-de-films-et-series-ff","status":"publish","type":"page","link":"https:\/\/olintorvingen.fr\/index.php\/ma-liste-de-films-et-series-ff\/","title":{"rendered":"Ma liste de films et s\u00e9ries ff"},"content":{"rendered":"\n<h2 class=\"wp-block-heading\">Les films lesbiens<\/h2>\n\n\n\n<p>J&rsquo;ai des go\u00fbts tr\u00e8s \u00e9clectiques et de moins en moins de temps pour d\u00e9couvrir de nouveaux courts ou longs m\u00e9trages lesbiens, mais voil\u00e0 quelques titres ! <\/p>\n\n\n\n<figure class=\"wp-block-table is-style-stripes\"><table class=\"has-fixed-layout\"><thead><tr><th class=\"has-text-align-center\" data-align=\"center\">Films<\/th><th class=\"has-text-align-center\" data-align=\"center\">Nom<\/th><th class=\"has-text-align-center\" data-align=\"center\">Date \/ r\u00e9seau<\/th><\/tr><\/thead><tbody><tr><td class=\"has-text-align-center\" data-align=\"center\">Film<\/td><td class=\"has-text-align-center\" data-align=\"center\">Aim\u00e9e et Jaguar \/ Aim\u00e9e und Jaguar<\/td><td class=\"has-text-align-center\" data-align=\"center\">1999<\/td><\/tr><tr><td class=\"has-text-align-center\" data-align=\"center\">Film<\/td><td class=\"has-text-align-center\" data-align=\"center\">Saving Face<\/td><td class=\"has-text-align-center\" data-align=\"center\">2004<\/td><\/tr><tr><td class=\"has-text-align-center\" data-align=\"center\">Film<\/td><td class=\"has-text-align-center\" data-align=\"center\">Imagine Me and You <\/td><td class=\"has-text-align-center\" data-align=\"center\">2006<\/td><\/tr><tr><td class=\"has-text-align-center\" data-align=\"center\">Film<\/td><td class=\"has-text-align-center\" data-align=\"center\">Beignets de tomates vertes<\/td><td class=\"has-text-align-center\" data-align=\"center\">1991<\/td><\/tr><tr><td class=\"has-text-align-center\" data-align=\"center\">Film<\/td><td class=\"has-text-align-center\" data-align=\"center\">Bound<\/td><td class=\"has-text-align-center\" data-align=\"center\">1996<\/td><\/tr><tr><td class=\"has-text-align-center\" data-align=\"center\">Film<\/td><td class=\"has-text-align-center\" data-align=\"center\">Carol<\/td><td class=\"has-text-align-center\" data-align=\"center\">2015<\/td><\/tr><tr><td class=\"has-text-align-center\" data-align=\"center\">Film<\/td><td class=\"has-text-align-center\" data-align=\"center\">D.E.B.S. <\/td><td class=\"has-text-align-center\" data-align=\"center\">2004<\/td><\/tr><tr><td class=\"has-text-align-center\" data-align=\"center\">Film<\/td><td class=\"has-text-align-center\" data-align=\"center\">Tell it to the Bees<\/td><td class=\"has-text-align-center\" data-align=\"center\">2018<\/td><\/tr><tr><td class=\"has-text-align-center\" data-align=\"center\">Film<\/td><td class=\"has-text-align-center\" data-align=\"center\">I Can&rsquo;t Think Straight<\/td><td class=\"has-text-align-center\" data-align=\"center\">2008<\/td><\/tr><tr><td class=\"has-text-align-center\" data-align=\"center\">Film<\/td><td class=\"has-text-align-center\" data-align=\"center\">Les Filles du botaniste \/ The Chinese Botanist&rsquo;s Daughters<\/td><td class=\"has-text-align-center\" data-align=\"center\">2006<\/td><\/tr><tr><td class=\"has-text-align-center\" data-align=\"center\">Film<\/td><td class=\"has-text-align-center\" data-align=\"center\">Freeheld<\/td><td class=\"has-text-align-center\" data-align=\"center\">2015<\/td><\/tr><tr><td class=\"has-text-align-center\" data-align=\"center\">Film<\/td><td class=\"has-text-align-center\" data-align=\"center\">Imagine you and me<\/td><td class=\"has-text-align-center\" data-align=\"center\">2005<\/td><\/tr><tr><td class=\"has-text-align-center\" data-align=\"center\">Film<\/td><td class=\"has-text-align-center\" data-align=\"center\">La Tentation de Jessica \/ Kissing Jessica Stein<\/td><td class=\"has-text-align-center\" data-align=\"center\">2001<\/td><\/tr><tr><td class=\"has-text-align-center\" data-align=\"center\">Film<\/td><td class=\"has-text-align-center\" data-align=\"center\">The Firefly \/ La Luci\u00e9rnaga<\/td><td class=\"has-text-align-center\" data-align=\"center\">2015<\/td><\/tr><tr><td class=\"has-text-align-center\" data-align=\"center\">Film<\/td><td class=\"has-text-align-center\" data-align=\"center\">La gymnaste \/ The Gymnast<\/td><td class=\"has-text-align-center\" data-align=\"center\">2006<\/td><\/tr><tr><td class=\"has-text-align-center\" data-align=\"center\">Film<\/td><td class=\"has-text-align-center\" data-align=\"center\">Desert Hearts<\/td><td class=\"has-text-align-center\" data-align=\"center\">1985<\/td><\/tr><tr><td class=\"has-text-align-center\" data-align=\"center\">Film<\/td><td class=\"has-text-align-center\" data-align=\"center\">Summerland<\/td><td class=\"has-text-align-center\" data-align=\"center\">2020<\/td><\/tr><tr><td class=\"has-text-align-center\" data-align=\"center\">Film<\/td><td class=\"has-text-align-center\" data-align=\"center\">Drive-Away Dolls<\/td><td class=\"has-text-align-center\" data-align=\"center\">2024<\/td><\/tr><tr><td class=\"has-text-align-center\" data-align=\"center\">Film<\/td><td class=\"has-text-align-center\" data-align=\"center\">Booksmart<\/td><td class=\"has-text-align-center\" data-align=\"center\">2019<\/td><\/tr><tr><td class=\"has-text-align-center\" data-align=\"center\">Film<\/td><td class=\"has-text-align-center\" data-align=\"center\">Vita &amp; Virginia<\/td><td class=\"has-text-align-center\" data-align=\"center\">2018<\/td><\/tr><tr><td class=\"has-text-align-center\" data-align=\"center\">Film<\/td><td class=\"has-text-align-center\" data-align=\"center\">Bottoms<\/td><td class=\"has-text-align-center\" data-align=\"center\">2023<\/td><\/tr><tr><td class=\"has-text-align-center\" data-align=\"center\">Film<\/td><td class=\"has-text-align-center\" data-align=\"center\">Suicide Kale<\/td><td class=\"has-text-align-center\" data-align=\"center\">2016<\/td><\/tr><tr><td class=\"has-text-align-center\" data-align=\"center\">Film<\/td><td class=\"has-text-align-center\" data-align=\"center\">Appropriate Behavior<\/td><td class=\"has-text-align-center\" data-align=\"center\">2014<\/td><\/tr><tr><td class=\"has-text-align-center\" data-align=\"center\">Film<\/td><td class=\"has-text-align-center\" data-align=\"center\">Someone Great<\/td><td class=\"has-text-align-center\" data-align=\"center\">2019<\/td><\/tr><tr><td class=\"has-text-align-center\" data-align=\"center\">Film<\/td><td class=\"has-text-align-center\" data-align=\"center\">Wine Country \/Un week-end \u00e0 Napa<\/td><td class=\"has-text-align-center\" data-align=\"center\">2019<\/td><\/tr><tr><td class=\"has-text-align-center\" data-align=\"center\">Film<\/td><td class=\"has-text-align-center\" data-align=\"center\">Hearts Beat Loud<\/td><td class=\"has-text-align-center\" data-align=\"center\">2018<\/td><\/tr><tr><td class=\"has-text-align-center\" data-align=\"center\">Film<\/td><td class=\"has-text-align-center\" data-align=\"center\">Kiss me \/ <em>Kyss mig<\/em><\/td><td class=\"has-text-align-center\" data-align=\"center\">2011<\/td><\/tr><tr><td class=\"has-text-align-center\" data-align=\"center\">Film<\/td><td class=\"has-text-align-center\" data-align=\"center\">Rafiki<\/td><td class=\"has-text-align-center\" data-align=\"center\">2018<\/td><\/tr><tr><td class=\"has-text-align-center\" data-align=\"center\">Film<\/td><td class=\"has-text-align-center\" data-align=\"center\">Portrait de la jeune fille en feu<\/td><td class=\"has-text-align-center\" data-align=\"center\">2020<\/td><\/tr><tr><td class=\"has-text-align-center\" data-align=\"center\">Film<\/td><td class=\"has-text-align-center\" data-align=\"center\">My first Summer<\/td><td class=\"has-text-align-center\" data-align=\"center\">2020<\/td><\/tr><tr><td class=\"has-text-align-center\" data-align=\"center\">Film<\/td><td class=\"has-text-align-center\" data-align=\"center\">The incredibly true adventure of two girls in love<\/td><td class=\"has-text-align-center\" data-align=\"center\">1995<\/td><\/tr><\/tbody><\/table><\/figure>\n\n\n\n<h2 class=\"wp-block-heading\">S\u00e9ries lesbiennes et anime<\/h2>\n\n\n\n<p>La liste est tr\u00e8s incompl\u00e8te. N&rsquo;h\u00e9sitez pas \u00e0 me contacter pour me sugg\u00e9rer des titres !<\/p>\n\n\n\n<figure class=\"wp-block-table is-style-stripes\"><table class=\"has-fixed-layout\"><thead><tr><th class=\"has-text-align-center\" data-align=\"center\">S\u00e9rie\/anime<\/th><th class=\"has-text-align-center\" data-align=\"center\">Nom<\/th><th class=\"has-text-align-center\" data-align=\"center\">Date \/ r\u00e9seau<\/th><\/tr><\/thead><tbody><tr><td class=\"has-text-align-center\" data-align=\"center\">S\u00e9rie<\/td><td class=\"has-text-align-center\" data-align=\"center\"><a href=\"https:\/\/en.wikipedia.org\/wiki\/A_League_of_Their_Own_(2022_TV_series)\" target=\"_blank\" rel=\"noreferrer noopener\">A League of Their Own<\/a><\/td><td class=\"has-text-align-center\" data-align=\"center\">2022<\/td><\/tr><tr><td class=\"has-text-align-center\" data-align=\"center\">S\u00e9rie<\/td><td class=\"has-text-align-center\" data-align=\"center\"><a href=\"https:\/\/fr.wikipedia.org\/wiki\/Deadloch\" target=\"_blank\" rel=\"noreferrer noopener\">Deadloch<\/a><\/td><td class=\"has-text-align-center\" data-align=\"center\">2023<\/td><\/tr><tr><td class=\"has-text-align-center\" data-align=\"center\">Serie<\/td><td class=\"has-text-align-center\" data-align=\"center\"><a href=\"https:\/\/fr.wikipedia.org\/wiki\/Killing_Eve\" target=\"_blank\" rel=\"noreferrer noopener\">Killing Eve<\/a><\/td><td class=\"has-text-align-center\" data-align=\"center\">2018<\/td><\/tr><tr><td class=\"has-text-align-center\" data-align=\"center\">Serie<\/td><td class=\"has-text-align-center\" data-align=\"center\"><a href=\"https:\/\/fr.wikipedia.org\/wiki\/Orange_Is_the_New_Black\" target=\"_blank\" rel=\"noreferrer noopener\">Orange is a new black<\/a><\/td><td class=\"has-text-align-center\" data-align=\"center\">2013<\/td><\/tr><tr><td class=\"has-text-align-center\" data-align=\"center\">Anime<\/td><td class=\"has-text-align-center\" data-align=\"center\">She-Ra et les princesses au pouvoir<em> \/ <\/em>She-Ra and the Princesses of Power<\/td><td class=\"has-text-align-center\" data-align=\"center\">Netflix<br> (5 saisons-52 \u00e9pisodes)<\/td><\/tr><tr><td class=\"has-text-align-center\" data-align=\"center\">Anime<\/td><td class=\"has-text-align-center\" data-align=\"center\">Arcane<\/td><td class=\"has-text-align-center\" data-align=\"center\">Netflix<br>(2 saisons-18 \u00e9pisodes)<\/td><\/tr><tr><td class=\"has-text-align-center\" data-align=\"center\">Anime<\/td><td class=\"has-text-align-center\" data-align=\"center\">La l\u00e9gende de Korra \/ The legend of Korra <\/td><td class=\"has-text-align-center\" data-align=\"center\">Netflix \/ Paramount+<br>(4 saisons)<\/td><\/tr><tr><td class=\"has-text-align-center\" data-align=\"center\">Anime<\/td><td class=\"has-text-align-center\" data-align=\"center\">Harley Quinn<\/td><td class=\"has-text-align-center\" data-align=\"center\"><a href=\"https:\/\/www.primevideo.com\/-\/fr\/detail\/Harley-Quinn\/0K8JXIF4TEMO33TGZB2TCH3WOG\" target=\"_blank\" rel=\"noreferrer noopener\">PrimeVideo<\/a> (3 saisons)<\/td><\/tr><tr><td class=\"has-text-align-center\" data-align=\"center\"><\/td><td class=\"has-text-align-center\" data-align=\"center\"><\/td><td class=\"has-text-align-center\" data-align=\"center\"><\/td><\/tr><\/tbody><\/table><\/figure>\n","protected":false},"excerpt":{"rendered":"<p>Les films lesbiens J&rsquo;ai des go\u00fbts tr\u00e8s \u00e9clectiques et de moins en moins de temps pour d\u00e9couvrir de nouveaux courts ou longs m\u00e9trages lesbiens, mais voil\u00e0 quelques titres ! Films Nom Date \/ r\u00e9seau Film Aim\u00e9e et Jaguar \/ Aim\u00e9e und Jaguar 1999 Film Saving Face 2004 Film Imagine Me and You 2006 Film Beignets de tomates vertes 1991 Film Bound 1996 Film Carol 2015 Film D.E.B.S. 2004 Film Tell it to the Bees 2018 Film I Can&rsquo;t Think Straight 2008 Film Les Filles du botaniste \/ The Chinese Botanist&rsquo;s Daughters 2006 Film Freeheld 2015 Film Imagine you and me &hellip; <\/p>\n","protected":false},"author":2,"featured_media":293,"parent":0,"menu_order":0,"comment_status":"closed","ping_status":"closed","template":"","meta":{"_seopress_robots_primary_cat":"","_seopress_titles_title":"En savoir plus sur la culture cin\u00e9matographique lesbienne !","_seopress_titles_desc":"Une page pour vous indiquer mes films, s\u00e9ries et anime, ainsi que des sites web de ressources pour explorer la culture saphique.","_seopress_robots_index":"","footnotes":""},"class_list":["post-902","page","type-page","status-publish","has-post-thumbnail","hentry"],"_links":{"self":[{"href":"https:\/\/olintorvingen.fr\/index.php\/wp-json\/wp\/v2\/pages\/902","targetHints":{"allow":["GET"]}}],"collection":[{"href":"https:\/\/olintorvingen.fr\/index.php\/wp-json\/wp\/v2\/pages"}],"about":[{"href":"https:\/\/olintorvingen.fr\/index.php\/wp-json\/wp\/v2\/types\/page"}],"author":[{"embeddable":true,"href":"https:\/\/olintorvingen.fr\/index.php\/wp-json\/wp\/v2\/users\/2"}],"replies":[{"embeddable":true,"href":"https:\/\/olintorvingen.fr\/index.php\/wp-json\/wp\/v2\/comments?post=902"}],"version-history":[{"count":9,"href":"https:\/\/olintorvingen.fr\/index.php\/wp-json\/wp\/v2\/pages\/902\/revisions"}],"predecessor-version":[{"id":1013,"href":"https:\/\/olintorvingen.fr\/index.php\/wp-json\/wp\/v2\/pages\/902\/revisions\/1013"}],"wp:featuredmedia":[{"embeddable":true,"href":"https:\/\/olintorvingen.fr\/index.php\/wp-json\/wp\/v2\/media\/293"}],"wp:attachment":[{"href":"https:\/\/olintorvingen.fr\/index.php\/wp-json\/wp\/v2\/media?parent=902"}],"curies":[{"name":"wp","href":"https:\/\/api.w.org\/{rel}","templated":true}]}}